{"id":2567,"date":"2025-02-21T10:20:36","date_gmt":"2025-02-21T10:20:36","guid":{"rendered":"https:\/\/eficienciaenergia.com\/?page_id=2567"},"modified":"2025-10-07T14:09:59","modified_gmt":"2025-10-07T14:09:59","slug":"ahorro-energetico-para-comunidades-de-vecinos","status":"publish","type":"page","link":"https:\/\/eficienciaenergia.com\/gl\/ahorro-energetico-para-comunidades-de-vecinos\/","title":{"rendered":"Aforro enerx\u00e9tico para comunidades residenciais"},"content":{"rendered":"<div data-elementor-type=\"wp-post\" data-elementor-id=\"2567\" class=\"elementor elementor-2567\">\n\t\t\t\t<div class=\"elementor-element elementor-element-fa58356 e-flex e-con-boxed e-con e-parent\" data-id=\"fa58356\" data-element_type=\"container\" data-settings=\"{&quot;background_background&quot;:&quot;classic&quot;}\">\n\t\t\t\t\t<div class=\"e-con-inner\">\n\t\t<div class=\"elementor-element elementor-element-8e469c4 e-con-full e-flex e-con e-child\" data-id=\"8e469c4\" data-element_type=\"container\">\n\t\t\t\t<div class=\"elementor-element elementor-element-b0863f8 elementor-widget elementor-widget-heading\" data-id=\"b0863f8\" data-element_type=\"widget\" data-widget_type=\"heading.default\">\n\t\t\t\t<div class=\"elementor-widget-container\">\n\t\t\t\t\t<h1 class=\"elementor-heading-title elementor-size-default\">Aforro enerx\u00e9tico para comunidades residenciais\n<\/h1>\t\t\t\t<\/div>\n\t\t\t\t<\/div>\n\t\t\t\t<\/div>\n\t\t\t\t\t<\/div>\n\t\t\t\t<\/div>\n\t\t<div class=\"elementor-element elementor-element-0b1ad50 e-flex e-con-boxed e-con e-parent\" data-id=\"0b1ad50\" data-element_type=\"container\" data-settings=\"{&quot;background_background&quot;:&quot;gradient&quot;}\">\n\t\t\t\t\t<div class=\"e-con-inner\">\n\t\t<div class=\"elementor-element elementor-element-7a94980 e-con-full e-flex e-con e-child\" data-id=\"7a94980\" data-element_type=\"container\">\n\t\t<div class=\"elementor-element elementor-element-7c64241 e-flex e-con-boxed e-con e-child\" data-id=\"7c64241\" data-element_type=\"container\">\n\t\t\t\t\t<div class=\"e-con-inner\">\n\t\t<div class=\"elementor-element elementor-element-5fb204b e-con-full e-flex e-con e-child\" data-id=\"5fb204b\" data-element_type=\"container\">\n\t\t\t\t<div class=\"elementor-element elementor-element-776c0ea elementor-widget elementor-widget-heading\" data-id=\"776c0ea\" data-element_type=\"widget\" data-widget_type=\"heading.default\">\n\t\t\t\t<div class=\"elementor-widget-container\">\n\t\t\t\t\t<h2 class=\"elementor-heading-title elementor-size-default\">Beneficios do aforro enerx\u00e9tico nas comunidades\n<\/h2>\t\t\t\t<\/div>\n\t\t\t\t<\/div>\n\t\t\t\t<div class=\"elementor-element elementor-element-c96901c elementor-widget-divider--view-line elementor-widget elementor-widget-divider\" data-id=\"c96901c\" data-element_type=\"widget\" data-widget_type=\"divider.default\">\n\t\t\t\t<div class=\"elementor-widget-container\">\n\t\t\t\t\t\t\t<div class=\"elementor-divider\">\n\t\t\t<span class=\"elementor-divider-separator\">\n\t\t\t\t\t\t<\/span>\n\t\t<\/div>\n\t\t\t\t\t\t<\/div>\n\t\t\t\t<\/div>\n\t\t\t\t<\/div>\n\t\t<div class=\"elementor-element elementor-element-f90f468 e-con-full e-flex e-con e-child\" data-id=\"f90f468\" data-element_type=\"container\">\n\t\t\t\t<div class=\"elementor-element elementor-element-451beee elementor-widget elementor-widget-text-editor\" data-id=\"451beee\" data-element_type=\"widget\" data-widget_type=\"text-editor.default\">\n\t\t\t\t<div class=\"elementor-widget-container\">\n\t\t\t\t\t\t\t\t\t<p data-start=\"454\" data-end=\"836\">Aplicar medidas de <strong data-start=\"477\" data-end=\"526\">aforro enerx\u00e9tico para as comunidades de veci\u00f1os<\/strong> \u00e9 fundamental para reducir custos e mellorar a eficiencia. O consumo de luz e electricidade nos edificios residenciais pode representar un gasto importante para os propietarios. Optimizar o uso da electricidade non s\u00f3 reduce a s\u00faa factura el\u00e9ctrica sen\u00f3n que tam\u00e9n contrib\u00fae \u00e1 protecci\u00f3n do medio ambiente.<\/p><h2 data-start=\"838\" data-end=\"910\">\u00a0<\/h2>\t\t\t\t\t\t\t\t<\/div>\n\t\t\t\t<\/div>\n\t\t\t\t<\/div>\n\t\t\t\t\t<\/div>\n\t\t\t\t<\/div>\n\t\t<div class=\"elementor-element elementor-element-280bf32 e-con-full e-flex e-con e-child\" data-id=\"280bf32\" data-element_type=\"container\" data-settings=\"{&quot;background_background&quot;:&quot;classic&quot;}\">\n\t\t\t\t<\/div>\n\t\t\t\t<\/div>\n\t\t\t\t\t<\/div>\n\t\t\t\t<\/div>\n\t\t<div class=\"elementor-element elementor-element-27a488e e-flex e-con-boxed e-con e-parent\" data-id=\"27a488e\" data-element_type=\"container\" data-settings=\"{&quot;background_background&quot;:&quot;classic&quot;}\">\n\t\t\t\t\t<div class=\"e-con-inner\">\n\t\t<div class=\"elementor-element elementor-element-ea6af9d e-con-full e-flex e-con e-child\" data-id=\"ea6af9d\" data-element_type=\"container\">\n\t\t\t\t<div class=\"elementor-element elementor-element-aa0246c elementor-widget elementor-widget-heading\" data-id=\"aa0246c\" data-element_type=\"widget\" data-widget_type=\"heading.default\">\n\t\t\t\t<div class=\"elementor-widget-container\">\n\t\t\t\t\t<h2 class=\"elementor-heading-title elementor-size-default\">Estratexias de aforro enerx\u00e9tico en comunidades residenciais\n<\/h2>\t\t\t\t<\/div>\n\t\t\t\t<\/div>\n\t\t\t\t<div class=\"elementor-element elementor-element-20d368c elementor-widget-divider--view-line elementor-widget elementor-widget-divider\" data-id=\"20d368c\" data-element_type=\"widget\" data-widget_type=\"divider.default\">\n\t\t\t\t<div class=\"elementor-widget-container\">\n\t\t\t\t\t\t\t<div class=\"elementor-divider\">\n\t\t\t<span class=\"elementor-divider-separator\">\n\t\t\t\t\t\t<\/span>\n\t\t<\/div>\n\t\t\t\t\t\t<\/div>\n\t\t\t\t<\/div>\n\t\t\t\t<\/div>\n\t\t<div class=\"elementor-element elementor-element-0d857b0 e-con-full e-flex e-con e-child\" data-id=\"0d857b0\" data-element_type=\"container\">\n\t\t\t\t<div class=\"elementor-element elementor-element-5d31785 elementor-widget elementor-widget-heading\" data-id=\"5d31785\" data-element_type=\"widget\" data-widget_type=\"heading.default\">\n\t\t\t\t<div class=\"elementor-widget-container\">\n\t\t\t\t\t<h2 class=\"elementor-heading-title elementor-size-default\">Medidas para reducir o consumo enerx\u00e9tico<\/h2>\t\t\t\t<\/div>\n\t\t\t\t<\/div>\n\t\t\t\t<div class=\"elementor-element elementor-element-08a2944 elementor-widget elementor-widget-text-editor\" data-id=\"08a2944\" data-element_type=\"widget\" data-widget_type=\"text-editor.default\">\n\t\t\t\t<div class=\"elementor-widget-container\">\n\t\t\t\t\t\t\t\t\t<p data-start=\"966\" data-end=\"1083\">Hai varias formas de mellorar <strong data-start=\"1005\" data-end=\"1041\">aforro enerx\u00e9tico nas comunidades<\/strong>. Alg\u00fans dos m\u00e1is eficaces incl\u00faen:<\/p><ul data-start=\"1085\" data-end=\"1630\"><li data-start=\"1085\" data-end=\"1213\"><strong data-start=\"1087\" data-end=\"1120\">Xesti\u00f3n eficiente da enerx\u00eda:<\/strong> O seguimento do consumo enerx\u00e9tico perm\u00edtenos detectar excesos e corrixir h\u00e1bitos ineficientes.<\/li><li data-start=\"1214\" data-end=\"1344\"><strong data-start=\"1216\" data-end=\"1256\">Uso de fontes de enerx\u00eda renovables:<\/strong> A instalaci\u00f3n de paneis solares axuda a reducir a dependencia da rede el\u00e9ctrica.<\/li><li data-start=\"1345\" data-end=\"1461\"><strong data-start=\"1347\" data-end=\"1373\">Iluminaci\u00f3n eficiente:<\/strong> A substituci\u00f3n das l\u00e1mpadas tradicionais por LED pode reducir os custos de electricidade ata 80%.<\/li><li data-start=\"1462\" data-end=\"1630\"><strong data-start=\"1464\" data-end=\"1488\">Illamento t\u00e9rmico:<\/strong> A mellora do illamento en fachadas e fiestras evita a perda de calor no inverno e o exceso de calor no ver\u00e1n, optimizando o consumo.<\/li><\/ul>\t\t\t\t\t\t\t\t<\/div>\n\t\t\t\t<\/div>\n\t\t\t\t<div class=\"elementor-element elementor-element-57c9382 elementor-widget elementor-widget-heading\" data-id=\"57c9382\" data-element_type=\"widget\" data-widget_type=\"heading.default\">\n\t\t\t\t<div class=\"elementor-widget-container\">\n\t\t\t\t\t<h2 class=\"elementor-heading-title elementor-size-default\">Auditor\u00eda enerx\u00e9tica: o primeiro paso cara \u00e1 eficiencia\n<\/h2>\t\t\t\t<\/div>\n\t\t\t\t<\/div>\n\t\t\t\t<div class=\"elementor-element elementor-element-0896e29 elementor-widget elementor-widget-text-editor\" data-id=\"0896e29\" data-element_type=\"widget\" data-widget_type=\"text-editor.default\">\n\t\t\t\t<div class=\"elementor-widget-container\">\n\t\t\t\t\t\t\t\t\t<p data-start=\"966\" data-end=\"1083\">A realizaci\u00f3n dunha auditor\u00eda enerx\u00e9tica en comunidades residenciais \u00e9 unha das estratexias m\u00e1is recomendadas para identificar \u00e1reas de mellora da eficiencia enerx\u00e9tica. Un asesor especializado pode analizar os consumos, avaliar a viabilidade de melloras e propo\u00f1er soluci\u00f3ns adaptadas a cada edificio.<\/p>\t\t\t\t\t\t\t\t<\/div>\n\t\t\t\t<\/div>\n\t\t\t\t<\/div>\n\t\t\t\t\t<\/div>\n\t\t\t\t<\/div>\n\t\t<div class=\"elementor-element elementor-element-864f35c e-flex e-con-boxed e-con e-parent\" data-id=\"864f35c\" data-element_type=\"container\" data-settings=\"{&quot;background_background&quot;:&quot;classic&quot;}\">\n\t\t\t\t\t<div class=\"e-con-inner\">\n\t\t<div class=\"elementor-element elementor-element-699bc21 e-con-full e-flex e-con e-child\" data-id=\"699bc21\" data-element_type=\"container\">\n\t\t\t\t<div class=\"elementor-element elementor-element-cadff64 elementor-widget elementor-widget-heading\" data-id=\"cadff64\" data-element_type=\"widget\" data-widget_type=\"heading.default\">\n\t\t\t\t<div class=\"elementor-widget-container\">\n\t\t\t\t\t<h2 class=\"elementor-heading-title elementor-size-default\">Como xestionar o aforro enerx\u00e9tico nunha comunidade\n<\/h2>\t\t\t\t<\/div>\n\t\t\t\t<\/div>\n\t\t\t\t<div class=\"elementor-element elementor-element-c9b49ed elementor-widget-divider--view-line elementor-widget elementor-widget-divider\" data-id=\"c9b49ed\" data-element_type=\"widget\" data-widget_type=\"divider.default\">\n\t\t\t\t<div class=\"elementor-widget-container\">\n\t\t\t\t\t\t\t<div class=\"elementor-divider\">\n\t\t\t<span class=\"elementor-divider-separator\">\n\t\t\t\t\t\t<\/span>\n\t\t<\/div>\n\t\t\t\t\t\t<\/div>\n\t\t\t\t<\/div>\n\t\t\t\t<\/div>\n\t\t<div class=\"elementor-element elementor-element-dcbdb1b e-con-full e-flex e-con e-child\" data-id=\"dcbdb1b\" data-element_type=\"container\">\n\t\t\t\t<div class=\"elementor-element elementor-element-05685f6 elementor-widget elementor-widget-heading\" data-id=\"05685f6\" data-element_type=\"widget\" data-widget_type=\"heading.default\">\n\t\t\t\t<div class=\"elementor-widget-container\">\n\t\t\t\t\t<h3 class=\"elementor-heading-title elementor-size-default\">O papel do asesor enerx\u00e9tico nas comunidades<\/h3>\t\t\t\t<\/div>\n\t\t\t\t<\/div>\n\t\t\t\t<div class=\"elementor-element elementor-element-23bf827 elementor-widget elementor-widget-text-editor\" data-id=\"23bf827\" data-element_type=\"widget\" data-widget_type=\"text-editor.default\">\n\t\t\t\t<div class=\"elementor-widget-container\">\n\t\t\t\t\t\t\t\t\t<p>A <strong data-start=\"2126\" data-end=\"2147\">asesor enerx\u00e9tico<\/strong> \u00e9 clave para optimizar a eficiencia enerx\u00e9tica nas comunidades. O seu traballo consiste en analizar instalaci\u00f3ns, avaliar oportunidades de mellora e recomendar soluci\u00f3ns que reduzcan os custos da luz sen afectar \u00e1 comodidade dos veci\u00f1os.<\/p>\t\t\t\t\t\t\t\t<\/div>\n\t\t\t\t<\/div>\n\t\t\t\t<div class=\"elementor-element elementor-element-adfea6f elementor-widget elementor-widget-heading\" data-id=\"adfea6f\" data-element_type=\"widget\" data-widget_type=\"heading.default\">\n\t\t\t\t<div class=\"elementor-widget-container\">\n\t\t\t\t\t<h3 class=\"elementor-heading-title elementor-size-default\">Subvenci\u00f3ns e axudas \u00e1 eficiencia enerx\u00e9tica<\/h3>\t\t\t\t<\/div>\n\t\t\t\t<\/div>\n\t\t\t\t<div class=\"elementor-element elementor-element-51fc432 elementor-widget elementor-widget-text-editor\" data-id=\"51fc432\" data-element_type=\"widget\" data-widget_type=\"text-editor.default\">\n\t\t\t\t<div class=\"elementor-widget-container\">\n\t\t\t\t\t\t\t\t\t<p>Actualmente, hai varios <strong data-start=\"2494\" data-end=\"2519\">subvenci\u00f3ns e axudas<\/strong> destinado a mellorar a eficiencia enerx\u00e9tica nos edificios. Estes poden cubrir parte dos custos de renovaci\u00f3n enerx\u00e9tica, instalaci\u00f3n de fontes renovables ou melloras de illamento.<\/p>\t\t\t\t\t\t\t\t<\/div>\n\t\t\t\t<\/div>\n\t\t\t\t<\/div>\n\t\t\t\t\t<\/div>\n\t\t\t\t<\/div>\n\t\t<div class=\"elementor-element elementor-element-443611e e-flex e-con-boxed e-con e-parent\" data-id=\"443611e\" data-element_type=\"container\">\n\t\t\t\t\t<div class=\"e-con-inner\">\n\t\t\t\t<div class=\"elementor-element elementor-element-47a41a5 elementor-widget elementor-widget-heading\" data-id=\"47a41a5\" data-element_type=\"widget\" data-widget_type=\"heading.default\">\n\t\t\t\t<div class=\"elementor-widget-container\">\n\t\t\t\t\t<h2 class=\"elementor-heading-title elementor-size-default\">Fai que a t\u00faa comunidade aforre enerx\u00eda hoxe\n<\/h2>\t\t\t\t<\/div>\n\t\t\t\t<\/div>\n\t\t\t\t<div class=\"elementor-element elementor-element-ae12a2e elementor-widget elementor-widget-text-editor\" data-id=\"ae12a2e\" data-element_type=\"widget\" data-widget_type=\"text-editor.default\">\n\t\t\t\t<div class=\"elementor-widget-container\">\n\t\t\t\t\t\t\t\t\t<p data-start=\"56\" data-end=\"323\">En <strong data-start=\"59\" data-end=\"81\">Eficiencia Enerx\u00e9tica<\/strong>, axud\u00e1mosche a implementar soluci\u00f3ns <strong data-start=\"123\" data-end=\"172\">aforro enerx\u00e9tico para as comunidades de veci\u00f1os<\/strong> eficiente e rendible. O noso equipo de expertos asesorar\u00e1 en cada paso, desde auditor\u00edas enerx\u00e9ticas ata optimizar o consumo.<\/p><p data-start=\"325\" data-end=\"485\" data-is-last-node=\"\" data-is-only-node=\"\"><strong data-start=\"325\" data-end=\"397\">Est\u00e1s preparado para reducir custos e mellorar a eficiencia na t\u00faa comunidade?<\/strong> P\u00f3\u00f1ase en contacto connosco hoxe e descubra como podemos axudarche a aforrar enerx\u00eda e di\u00f1eiro. \ud83d\udca1\ud83c\udfe1<\/p>\t\t\t\t\t\t\t\t<\/div>\n\t\t\t\t<\/div>\n\t\t\t\t<div class=\"elementor-element elementor-element-8a5a092 elementor-align-center elementor-widget elementor-widget-button\" data-id=\"8a5a092\" data-element_type=\"widget\" data-widget_type=\"button.default\">\n\t\t\t\t<div class=\"elementor-widget-container\">\n\t\t\t\t\t\t\t\t\t<div class=\"elementor-button-wrapper\">\n\t\t\t\t\t<a class=\"elementor-button elementor-button-link elementor-size-sm\" href=\"https:\/\/eficienciaenergia.com\/gl\/contacto\/\">\n\t\t\t\t\t\t<span class=\"elementor-button-content-wrapper\">\n\t\t\t\t\t\t\t\t\t<span class=\"elementor-button-text\">Quero saber m\u00e1is<\/span>\n\t\t\t\t\t<\/span>\n\t\t\t\t\t<\/a>\n\t\t\t\t<\/div>\n\t\t\t\t\t\t\t\t<\/div>\n\t\t\t\t<\/div>\n\t\t\t\t\t<\/div>\n\t\t\t\t<\/div>\n\t\t\t\t<\/div>","protected":false},"excerpt":{"rendered":"<p>Ahorro energ\u00e9tico para comunidades de vecinos Beneficios del ahorro energ\u00e9tico en comunidades Implementar medidas de ahorro energ\u00e9tico para comunidades de vecinos es clave para reducir costes y mejorar la eficiencia. El consumo de luz y electricidad en edificios residenciales puede suponer un gasto elevado para los propietarios. Optimizar el uso de la energ\u00eda el\u00e9ctrica permite [&hellip;]<\/p>","protected":false},"author":1,"featured_media":0,"parent":0,"menu_order":0,"comment_status":"closed","ping_status":"closed","template":"","meta":{"site-sidebar-layout":"no-sidebar","site-content-layout":"page-builder","ast-site-content-layout":"full-width-container","site-content-style":"unboxed","site-sidebar-style":"unboxed","ast-global-header-display":"","ast-banner-title-visibility":"","ast-main-header-display":"","ast-hfb-above-header-display":"","ast-hfb-below-header-display":"","ast-hfb-mobile-header-display":"","site-post-title":"disabled","ast-breadcrumbs-content":"","ast-featured-img":"disabled","footer-sml-layout":"","ast-disable-related-posts":"","theme-transparent-header-meta":"enabled","adv-header-id-meta":"","stick-header-meta":"","header-above-stick-meta":"","header-main-stick-meta":"","header-below-stick-meta":"","astra-migrate-meta-layouts":"set","ast-page-background-enabled":"default","ast-page-background-meta":{"desktop":{"background-color":"","background-image":"","background-repeat":"repeat","background-position":"center center","background-size":"auto","background-attachment":"scroll","background-type":"","background-media":"","overlay-type":"","overlay-color":"","overlay-opacity":"","overlay-gradient":""},"tablet":{"background-color":"","background-image":"","background-repeat":"repeat","background-position":"center center","background-size":"auto","background-attachment":"scroll","background-type":"","background-media":"","overlay-type":"","overlay-color":"","overlay-opacity":"","overlay-gradient":""},"mobile":{"background-color":"","background-image":"","background-repeat":"repeat","background-position":"center center","background-size":"auto","background-attachment":"scroll","background-type":"","background-media":"","overlay-type":"","overlay-color":"","overlay-opacity":"","overlay-gradient":""}},"ast-content-background-meta":{"desktop":{"background-color":"var(--ast-global-color-5)","background-image":"","background-repeat":"repeat","background-position":"center center","background-size":"auto","background-attachment":"scroll","background-type":"","background-media":"","overlay-type":"","overlay-color":"","overlay-opacity":"","overlay-gradient":""},"tablet":{"background-color":"var(--ast-global-color-5)","background-image":"","background-repeat":"repeat","background-position":"center center","background-size":"auto","background-attachment":"scroll","background-type":"","background-media":"","overlay-type":"","overlay-color":"","overlay-opacity":"","overlay-gradient":""},"mobile":{"background-color":"var(--ast-global-color-5)","background-image":"","background-repeat":"repeat","background-position":"center center","background-size":"auto","background-attachment":"scroll","background-type":"","background-media":"","overlay-type":"","overlay-color":"","overlay-opacity":"","overlay-gradient":""}},"footnotes":""},"class_list":["post-2567","page","type-page","status-publish","hentry"],"_links":{"self":[{"href":"https:\/\/eficienciaenergia.com\/gl\/wp-json\/wp\/v2\/pages\/2567","targetHints":{"allow":["GET"]}}],"collection":[{"href":"https:\/\/eficienciaenergia.com\/gl\/wp-json\/wp\/v2\/pages"}],"about":[{"href":"https:\/\/eficienciaenergia.com\/gl\/wp-json\/wp\/v2\/types\/page"}],"author":[{"embeddable":true,"href":"https:\/\/eficienciaenergia.com\/gl\/wp-json\/wp\/v2\/users\/1"}],"replies":[{"embeddable":true,"href":"https:\/\/eficienciaenergia.com\/gl\/wp-json\/wp\/v2\/comments?post=2567"}],"version-history":[{"count":20,"href":"https:\/\/eficienciaenergia.com\/gl\/wp-json\/wp\/v2\/pages\/2567\/revisions"}],"predecessor-version":[{"id":2650,"href":"https:\/\/eficienciaenergia.com\/gl\/wp-json\/wp\/v2\/pages\/2567\/revisions\/2650"}],"wp:attachment":[{"href":"https:\/\/eficienciaenergia.com\/gl\/wp-json\/wp\/v2\/media?parent=2567"}],"curies":[{"name":"wp","href":"https:\/\/api.w.org\/{rel}","templated":true}]}}