{"id":2567,"date":"2025-02-21T10:20:36","date_gmt":"2025-02-21T10:20:36","guid":{"rendered":"https:\/\/eficienciaenergia.com\/?page_id=2567"},"modified":"2025-10-07T14:09:59","modified_gmt":"2025-10-07T14:09:59","slug":"ahorro-energetico-para-comunidades-de-vecinos","status":"publish","type":"page","link":"https:\/\/eficienciaenergia.com\/eu\/ahorro-energetico-para-comunidades-de-vecinos\/","title":{"rendered":"Energia aurreztea bizitegi-komunitateentzat"},"content":{"rendered":"<div data-elementor-type=\"wp-post\" data-elementor-id=\"2567\" class=\"elementor elementor-2567\">\n\t\t\t\t<div class=\"elementor-element elementor-element-fa58356 e-flex e-con-boxed e-con e-parent\" data-id=\"fa58356\" data-element_type=\"container\" data-e-type=\"container\" data-settings=\"{&quot;background_background&quot;:&quot;classic&quot;}\">\n\t\t\t\t\t<div class=\"e-con-inner\">\n\t\t<div class=\"elementor-element elementor-element-8e469c4 e-con-full e-flex e-con e-child\" data-id=\"8e469c4\" data-element_type=\"container\" data-e-type=\"container\">\n\t\t\t\t<div class=\"elementor-element elementor-element-b0863f8 elementor-widget elementor-widget-heading\" data-id=\"b0863f8\" data-element_type=\"widget\" data-e-type=\"widget\" data-widget_type=\"heading.default\">\n\t\t\t\t<div class=\"elementor-widget-container\">\n\t\t\t\t\t<h1 class=\"elementor-heading-title elementor-size-default\">Energia aurreztea bizitegi-komunitateentzat\n<\/h1>\t\t\t\t<\/div>\n\t\t\t\t<\/div>\n\t\t\t\t<\/div>\n\t\t\t\t\t<\/div>\n\t\t\t\t<\/div>\n\t\t<div class=\"elementor-element elementor-element-0b1ad50 e-flex e-con-boxed e-con e-parent\" data-id=\"0b1ad50\" data-element_type=\"container\" data-e-type=\"container\" data-settings=\"{&quot;background_background&quot;:&quot;gradient&quot;}\">\n\t\t\t\t\t<div class=\"e-con-inner\">\n\t\t<div class=\"elementor-element elementor-element-7a94980 e-con-full e-flex e-con e-child\" data-id=\"7a94980\" data-element_type=\"container\" data-e-type=\"container\">\n\t\t<div class=\"elementor-element elementor-element-7c64241 e-flex e-con-boxed e-con e-child\" data-id=\"7c64241\" data-element_type=\"container\" data-e-type=\"container\">\n\t\t\t\t\t<div class=\"e-con-inner\">\n\t\t<div class=\"elementor-element elementor-element-5fb204b e-con-full e-flex e-con e-child\" data-id=\"5fb204b\" data-element_type=\"container\" data-e-type=\"container\">\n\t\t\t\t<div class=\"elementor-element elementor-element-776c0ea elementor-widget elementor-widget-heading\" data-id=\"776c0ea\" data-element_type=\"widget\" data-e-type=\"widget\" data-widget_type=\"heading.default\">\n\t\t\t\t<div class=\"elementor-widget-container\">\n\t\t\t\t\t<h2 class=\"elementor-heading-title elementor-size-default\">Energia aurreztearen onurak komunitateetan\n<\/h2>\t\t\t\t<\/div>\n\t\t\t\t<\/div>\n\t\t\t\t<div class=\"elementor-element elementor-element-c96901c elementor-widget-divider--view-line elementor-widget elementor-widget-divider\" data-id=\"c96901c\" data-element_type=\"widget\" data-e-type=\"widget\" data-widget_type=\"divider.default\">\n\t\t\t\t<div class=\"elementor-widget-container\">\n\t\t\t\t\t\t\t<div class=\"elementor-divider\">\n\t\t\t<span class=\"elementor-divider-separator\">\n\t\t\t\t\t\t<\/span>\n\t\t<\/div>\n\t\t\t\t\t\t<\/div>\n\t\t\t\t<\/div>\n\t\t\t\t<\/div>\n\t\t<div class=\"elementor-element elementor-element-f90f468 e-con-full e-flex e-con e-child\" data-id=\"f90f468\" data-element_type=\"container\" data-e-type=\"container\">\n\t\t\t\t<div class=\"elementor-element elementor-element-451beee elementor-widget elementor-widget-text-editor\" data-id=\"451beee\" data-element_type=\"widget\" data-e-type=\"widget\" data-widget_type=\"text-editor.default\">\n\t\t\t\t<div class=\"elementor-widget-container\">\n\t\t\t\t\t\t\t\t\t<p data-start=\"454\" data-end=\"836\">ren neurriak ezartzea <strong data-start=\"477\" data-end=\"526\">energia aurreztea auzo-komunitateentzat<\/strong> gakoa da kostuak murrizteko eta eraginkortasuna hobetzeko. Etxebizitza-eraikinetako argi- eta elektrizitate-kontsumoak gastu garrantzitsua suposa dezake jabeentzat. Elektrizitatearen erabilera optimizatzeak argindarraren faktura murrizteaz gain, ingurumena babesten laguntzen du.<\/p><h2 data-start=\"838\" data-end=\"910\">\u00a0<\/h2>\t\t\t\t\t\t\t\t<\/div>\n\t\t\t\t<\/div>\n\t\t\t\t<\/div>\n\t\t\t\t\t<\/div>\n\t\t\t\t<\/div>\n\t\t<div class=\"elementor-element elementor-element-280bf32 e-con-full e-flex e-con e-child\" data-id=\"280bf32\" data-element_type=\"container\" data-e-type=\"container\" data-settings=\"{&quot;background_background&quot;:&quot;classic&quot;}\">\n\t\t\t\t<\/div>\n\t\t\t\t<\/div>\n\t\t\t\t\t<\/div>\n\t\t\t\t<\/div>\n\t\t<div class=\"elementor-element elementor-element-27a488e e-flex e-con-boxed e-con e-parent\" data-id=\"27a488e\" data-element_type=\"container\" data-e-type=\"container\" data-settings=\"{&quot;background_background&quot;:&quot;classic&quot;}\">\n\t\t\t\t\t<div class=\"e-con-inner\">\n\t\t<div class=\"elementor-element elementor-element-ea6af9d e-con-full e-flex e-con e-child\" data-id=\"ea6af9d\" data-element_type=\"container\" data-e-type=\"container\">\n\t\t\t\t<div class=\"elementor-element elementor-element-aa0246c elementor-widget elementor-widget-heading\" data-id=\"aa0246c\" data-element_type=\"widget\" data-e-type=\"widget\" data-widget_type=\"heading.default\">\n\t\t\t\t<div class=\"elementor-widget-container\">\n\t\t\t\t\t<h2 class=\"elementor-heading-title elementor-size-default\">Bizitegi-komunitateetan energia aurrezteko estrategiak\n<\/h2>\t\t\t\t<\/div>\n\t\t\t\t<\/div>\n\t\t\t\t<div class=\"elementor-element elementor-element-20d368c elementor-widget-divider--view-line elementor-widget elementor-widget-divider\" data-id=\"20d368c\" data-element_type=\"widget\" data-e-type=\"widget\" data-widget_type=\"divider.default\">\n\t\t\t\t<div class=\"elementor-widget-container\">\n\t\t\t\t\t\t\t<div class=\"elementor-divider\">\n\t\t\t<span class=\"elementor-divider-separator\">\n\t\t\t\t\t\t<\/span>\n\t\t<\/div>\n\t\t\t\t\t\t<\/div>\n\t\t\t\t<\/div>\n\t\t\t\t<\/div>\n\t\t<div class=\"elementor-element elementor-element-0d857b0 e-con-full e-flex e-con e-child\" data-id=\"0d857b0\" data-element_type=\"container\" data-e-type=\"container\">\n\t\t\t\t<div class=\"elementor-element elementor-element-5d31785 elementor-widget elementor-widget-heading\" data-id=\"5d31785\" data-element_type=\"widget\" data-e-type=\"widget\" data-widget_type=\"heading.default\">\n\t\t\t\t<div class=\"elementor-widget-container\">\n\t\t\t\t\t<h2 class=\"elementor-heading-title elementor-size-default\">Energia-kontsumoa murrizteko neurriak<\/h2>\t\t\t\t<\/div>\n\t\t\t\t<\/div>\n\t\t\t\t<div class=\"elementor-element elementor-element-08a2944 elementor-widget elementor-widget-text-editor\" data-id=\"08a2944\" data-element_type=\"widget\" data-e-type=\"widget\" data-widget_type=\"text-editor.default\">\n\t\t\t\t<div class=\"elementor-widget-container\">\n\t\t\t\t\t\t\t\t\t<p data-start=\"966\" data-end=\"1083\">Modu asko daude hobetzeko <strong data-start=\"1005\" data-end=\"1041\">komunitateetan energia aurreztea<\/strong>. Eraginkorrenetako batzuk hauek dira:<\/p><ul data-start=\"1085\" data-end=\"1630\"><li data-start=\"1085\" data-end=\"1213\"><strong data-start=\"1087\" data-end=\"1120\">Energiaren kudeaketa eraginkorra:<\/strong> Energia-kontsumoa kontrolatzeak gehiegikeriak detektatzeko eta eraginkortasunik gabeko ohiturak zuzentzeko aukera ematen digu.<\/li><li data-start=\"1214\" data-end=\"1344\"><strong data-start=\"1216\" data-end=\"1256\">Energia iturri berriztagarrien erabilera:<\/strong> Eguzki plakak jartzeak sare elektrikoarekiko menpekotasuna murrizten laguntzen du.<\/li><li data-start=\"1345\" data-end=\"1461\"><strong data-start=\"1347\" data-end=\"1373\">Argiztapen eraginkorra:<\/strong> Ohiko bonbillak LEDekin ordezkatuz gero, elektrizitate-kostuak 80% murrizten dira.<\/li><li data-start=\"1462\" data-end=\"1630\"><strong data-start=\"1464\" data-end=\"1488\">Isolamendu termikoa:<\/strong> Fatxada eta leihoetako isolamendua hobetzeak neguan bero galtzea eta udan gehiegizko beroa ekiditen du, kontsumoa optimizatuz.<\/li><\/ul>\t\t\t\t\t\t\t\t<\/div>\n\t\t\t\t<\/div>\n\t\t\t\t<div class=\"elementor-element elementor-element-57c9382 elementor-widget elementor-widget-heading\" data-id=\"57c9382\" data-element_type=\"widget\" data-e-type=\"widget\" data-widget_type=\"heading.default\">\n\t\t\t\t<div class=\"elementor-widget-container\">\n\t\t\t\t\t<h2 class=\"elementor-heading-title elementor-size-default\">Auditoria energetikoa: eraginkortasunerako lehen urratsa\n<\/h2>\t\t\t\t<\/div>\n\t\t\t\t<\/div>\n\t\t\t\t<div class=\"elementor-element elementor-element-0896e29 elementor-widget elementor-widget-text-editor\" data-id=\"0896e29\" data-element_type=\"widget\" data-e-type=\"widget\" data-widget_type=\"text-editor.default\">\n\t\t\t\t<div class=\"elementor-widget-container\">\n\t\t\t\t\t\t\t\t\t<p data-start=\"966\" data-end=\"1083\">Bizitegi-komunitateetan energia-auditoria bat egitea energia-eraginkortasuna hobetzeko eremuak identifikatzeko estrategia gomendagarrienetako bat da. Aholkulari espezializatu batek kontsumoak aztertu, hobekuntzen bideragarritasuna ebaluatu eta eraikin bakoitzari egokitutako irtenbideak proposa ditzake.<\/p>\t\t\t\t\t\t\t\t<\/div>\n\t\t\t\t<\/div>\n\t\t\t\t<\/div>\n\t\t\t\t\t<\/div>\n\t\t\t\t<\/div>\n\t\t<div class=\"elementor-element elementor-element-864f35c e-flex e-con-boxed e-con e-parent\" data-id=\"864f35c\" data-element_type=\"container\" data-e-type=\"container\" data-settings=\"{&quot;background_background&quot;:&quot;classic&quot;}\">\n\t\t\t\t\t<div class=\"e-con-inner\">\n\t\t<div class=\"elementor-element elementor-element-699bc21 e-con-full e-flex e-con e-child\" data-id=\"699bc21\" data-element_type=\"container\" data-e-type=\"container\">\n\t\t\t\t<div class=\"elementor-element elementor-element-cadff64 elementor-widget elementor-widget-heading\" data-id=\"cadff64\" data-element_type=\"widget\" data-e-type=\"widget\" data-widget_type=\"heading.default\">\n\t\t\t\t<div class=\"elementor-widget-container\">\n\t\t\t\t\t<h2 class=\"elementor-heading-title elementor-size-default\">Nola kudeatu energia-aurrezpena komunitate batean\n<\/h2>\t\t\t\t<\/div>\n\t\t\t\t<\/div>\n\t\t\t\t<div class=\"elementor-element elementor-element-c9b49ed elementor-widget-divider--view-line elementor-widget elementor-widget-divider\" data-id=\"c9b49ed\" data-element_type=\"widget\" data-e-type=\"widget\" data-widget_type=\"divider.default\">\n\t\t\t\t<div class=\"elementor-widget-container\">\n\t\t\t\t\t\t\t<div class=\"elementor-divider\">\n\t\t\t<span class=\"elementor-divider-separator\">\n\t\t\t\t\t\t<\/span>\n\t\t<\/div>\n\t\t\t\t\t\t<\/div>\n\t\t\t\t<\/div>\n\t\t\t\t<\/div>\n\t\t<div class=\"elementor-element elementor-element-dcbdb1b e-con-full e-flex e-con e-child\" data-id=\"dcbdb1b\" data-element_type=\"container\" data-e-type=\"container\">\n\t\t\t\t<div class=\"elementor-element elementor-element-05685f6 elementor-widget elementor-widget-heading\" data-id=\"05685f6\" data-element_type=\"widget\" data-e-type=\"widget\" data-widget_type=\"heading.default\">\n\t\t\t\t<div class=\"elementor-widget-container\">\n\t\t\t\t\t<h3 class=\"elementor-heading-title elementor-size-default\">Energia aholkulariaren eginkizuna komunitateetan<\/h3>\t\t\t\t<\/div>\n\t\t\t\t<\/div>\n\t\t\t\t<div class=\"elementor-element elementor-element-23bf827 elementor-widget elementor-widget-text-editor\" data-id=\"23bf827\" data-element_type=\"widget\" data-e-type=\"widget\" data-widget_type=\"text-editor.default\">\n\t\t\t\t<div class=\"elementor-widget-container\">\n\t\t\t\t\t\t\t\t\t<p>A <strong data-start=\"2126\" data-end=\"2147\">energia aholkularia<\/strong> funtsezkoa da komunitateetan energia-eraginkortasuna optimizatzeko. Beraien lana instalazioak aztertzea, hobetzeko aukerak ebaluatzea eta elektrizitatearen kostua murrizten duten irtenbideak gomendatzea da, bizilagunen erosotasuna eragin gabe.<\/p>\t\t\t\t\t\t\t\t<\/div>\n\t\t\t\t<\/div>\n\t\t\t\t<div class=\"elementor-element elementor-element-adfea6f elementor-widget elementor-widget-heading\" data-id=\"adfea6f\" data-element_type=\"widget\" data-e-type=\"widget\" data-widget_type=\"heading.default\">\n\t\t\t\t<div class=\"elementor-widget-container\">\n\t\t\t\t\t<h3 class=\"elementor-heading-title elementor-size-default\">Energia-eraginkortasunerako laguntzak eta laguntzak<\/h3>\t\t\t\t<\/div>\n\t\t\t\t<\/div>\n\t\t\t\t<div class=\"elementor-element elementor-element-51fc432 elementor-widget elementor-widget-text-editor\" data-id=\"51fc432\" data-element_type=\"widget\" data-e-type=\"widget\" data-widget_type=\"text-editor.default\">\n\t\t\t\t<div class=\"elementor-widget-container\">\n\t\t\t\t\t\t\t\t\t<p>Gaur egun, anitz daude <strong data-start=\"2494\" data-end=\"2519\">diru-laguntzak eta laguntzak<\/strong> eraikinen energia-eraginkortasuna hobetzera zuzenduta. Horiek energia berritzearen, iturri berriztagarrien instalazioaren edo isolamenduaren hobekuntzaren kostuen zati bat estali dezakete.<\/p>\t\t\t\t\t\t\t\t<\/div>\n\t\t\t\t<\/div>\n\t\t\t\t<\/div>\n\t\t\t\t\t<\/div>\n\t\t\t\t<\/div>\n\t\t<div class=\"elementor-element elementor-element-443611e e-flex e-con-boxed e-con e-parent\" data-id=\"443611e\" data-element_type=\"container\" data-e-type=\"container\">\n\t\t\t\t\t<div class=\"e-con-inner\">\n\t\t\t\t<div class=\"elementor-element elementor-element-47a41a5 elementor-widget elementor-widget-heading\" data-id=\"47a41a5\" data-element_type=\"widget\" data-e-type=\"widget\" data-widget_type=\"heading.default\">\n\t\t\t\t<div class=\"elementor-widget-container\">\n\t\t\t\t\t<h2 class=\"elementor-heading-title elementor-size-default\">Egin zure komunitateak energia aurrezten gaur\n<\/h2>\t\t\t\t<\/div>\n\t\t\t\t<\/div>\n\t\t\t\t<div class=\"elementor-element elementor-element-ae12a2e elementor-widget elementor-widget-text-editor\" data-id=\"ae12a2e\" data-element_type=\"widget\" data-e-type=\"widget\" data-widget_type=\"text-editor.default\">\n\t\t\t\t<div class=\"elementor-widget-container\">\n\t\t\t\t\t\t\t\t\t<p data-start=\"56\" data-end=\"323\">In <strong data-start=\"59\" data-end=\"81\">Energia Eraginkortasuna<\/strong>, irtenbideak ezartzen laguntzen dizugu <strong data-start=\"123\" data-end=\"172\">energia aurreztea auzo-komunitateentzat<\/strong> eraginkor eta errentagarri. Gure aditu-taldeak urrats guztietan aholkatuko dizu, auditoretza energetikoetatik hasi eta kontsumoa optimizatzeraino.<\/p><p data-start=\"325\" data-end=\"485\" data-is-last-node=\"\" data-is-only-node=\"\"><strong data-start=\"325\" data-end=\"397\">Prest zaude zure komunitatean kostuak murrizteko eta eraginkortasuna hobetzeko?<\/strong> Jar zaitez gurekin harremanetan gaur eta jakin nola lagun zaitzakegun energia eta dirua aurrezten. \ud83d\udca1\ud83c\udfe1<\/p>\t\t\t\t\t\t\t\t<\/div>\n\t\t\t\t<\/div>\n\t\t\t\t<div class=\"elementor-element elementor-element-8a5a092 elementor-align-center elementor-widget elementor-widget-button\" data-id=\"8a5a092\" data-element_type=\"widget\" data-e-type=\"widget\" data-widget_type=\"button.default\">\n\t\t\t\t<div class=\"elementor-widget-container\">\n\t\t\t\t\t\t\t\t\t<div class=\"elementor-button-wrapper\">\n\t\t\t\t\t<a class=\"elementor-button elementor-button-link elementor-size-sm\" href=\"https:\/\/eficienciaenergia.com\/eu\/contacto\/\">\n\t\t\t\t\t\t<span class=\"elementor-button-content-wrapper\">\n\t\t\t\t\t\t\t\t\t<span class=\"elementor-button-text\">Gehiago jakin nahi dut<\/span>\n\t\t\t\t\t<\/span>\n\t\t\t\t\t<\/a>\n\t\t\t\t<\/div>\n\t\t\t\t\t\t\t\t<\/div>\n\t\t\t\t<\/div>\n\t\t\t\t\t<\/div>\n\t\t\t\t<\/div>\n\t\t\t\t<\/div>","protected":false},"excerpt":{"rendered":"<p>Ahorro energ\u00e9tico para comunidades de vecinos Beneficios del ahorro energ\u00e9tico en comunidades Implementar medidas de ahorro energ\u00e9tico para comunidades de vecinos es clave para reducir costes y mejorar la eficiencia. El consumo de luz y electricidad en edificios residenciales puede suponer un gasto elevado para los propietarios. Optimizar el uso de la energ\u00eda el\u00e9ctrica permite [&hellip;]<\/p>","protected":false},"author":1,"featured_media":0,"parent":0,"menu_order":0,"comment_status":"closed","ping_status":"closed","template":"","meta":{"site-sidebar-layout":"no-sidebar","site-content-layout":"page-builder","ast-site-content-layout":"full-width-container","site-content-style":"unboxed","site-sidebar-style":"unboxed","ast-global-header-display":"","ast-banner-title-visibility":"","ast-main-header-display":"","ast-hfb-above-header-display":"","ast-hfb-below-header-display":"","ast-hfb-mobile-header-display":"","site-post-title":"disabled","ast-breadcrumbs-content":"","ast-featured-img":"disabled","footer-sml-layout":"","ast-disable-related-posts":"","theme-transparent-header-meta":"enabled","adv-header-id-meta":"","stick-header-meta":"","header-above-stick-meta":"","header-main-stick-meta":"","header-below-stick-meta":"","astra-migrate-meta-layouts":"set","ast-page-background-enabled":"default","ast-page-background-meta":{"desktop":{"background-color":"","background-image":"","background-repeat":"repeat","background-position":"center center","background-size":"auto","background-attachment":"scroll","background-type":"","background-media":"","overlay-type":"","overlay-color":"","overlay-opacity":"","overlay-gradient":""},"tablet":{"background-color":"","background-image":"","background-repeat":"repeat","background-position":"center center","background-size":"auto","background-attachment":"scroll","background-type":"","background-media":"","overlay-type":"","overlay-color":"","overlay-opacity":"","overlay-gradient":""},"mobile":{"background-color":"","background-image":"","background-repeat":"repeat","background-position":"center center","background-size":"auto","background-attachment":"scroll","background-type":"","background-media":"","overlay-type":"","overlay-color":"","overlay-opacity":"","overlay-gradient":""}},"ast-content-background-meta":{"desktop":{"background-color":"var(--ast-global-color-5)","background-image":"","background-repeat":"repeat","background-position":"center center","background-size":"auto","background-attachment":"scroll","background-type":"","background-media":"","overlay-type":"","overlay-color":"","overlay-opacity":"","overlay-gradient":""},"tablet":{"background-color":"var(--ast-global-color-5)","background-image":"","background-repeat":"repeat","background-position":"center center","background-size":"auto","background-attachment":"scroll","background-type":"","background-media":"","overlay-type":"","overlay-color":"","overlay-opacity":"","overlay-gradient":""},"mobile":{"background-color":"var(--ast-global-color-5)","background-image":"","background-repeat":"repeat","background-position":"center center","background-size":"auto","background-attachment":"scroll","background-type":"","background-media":"","overlay-type":"","overlay-color":"","overlay-opacity":"","overlay-gradient":""}},"footnotes":""},"class_list":["post-2567","page","type-page","status-publish","hentry"],"_links":{"self":[{"href":"https:\/\/eficienciaenergia.com\/eu\/wp-json\/wp\/v2\/pages\/2567","targetHints":{"allow":["GET"]}}],"collection":[{"href":"https:\/\/eficienciaenergia.com\/eu\/wp-json\/wp\/v2\/pages"}],"about":[{"href":"https:\/\/eficienciaenergia.com\/eu\/wp-json\/wp\/v2\/types\/page"}],"author":[{"embeddable":true,"href":"https:\/\/eficienciaenergia.com\/eu\/wp-json\/wp\/v2\/users\/1"}],"replies":[{"embeddable":true,"href":"https:\/\/eficienciaenergia.com\/eu\/wp-json\/wp\/v2\/comments?post=2567"}],"version-history":[{"count":20,"href":"https:\/\/eficienciaenergia.com\/eu\/wp-json\/wp\/v2\/pages\/2567\/revisions"}],"predecessor-version":[{"id":2650,"href":"https:\/\/eficienciaenergia.com\/eu\/wp-json\/wp\/v2\/pages\/2567\/revisions\/2650"}],"wp:attachment":[{"href":"https:\/\/eficienciaenergia.com\/eu\/wp-json\/wp\/v2\/media?parent=2567"}],"curies":[{"name":"wp","href":"https:\/\/api.w.org\/{rel}","templated":true}]}}