{"id":2591,"date":"2025-05-16T06:55:09","date_gmt":"2025-05-16T06:55:09","guid":{"rendered":"https:\/\/eficienciaenergia.com\/?page_id=2591"},"modified":"2025-10-07T14:11:13","modified_gmt":"2025-10-07T14:11:13","slug":"comercializadoras-de-luz-gas-y-energia-solar","status":"publish","type":"page","link":"https:\/\/eficienciaenergia.com\/ca\/comercializadoras-de-luz-gas-y-energia-solar\/","title":{"rendered":"Portafoli"},"content":{"rendered":"<div data-elementor-type=\"wp-page\" data-elementor-id=\"2591\" class=\"elementor elementor-2591\">\n\t\t\t\t<div class=\"elementor-element elementor-element-ee43f09 e-flex e-con-boxed e-con e-parent\" data-id=\"ee43f09\" data-element_type=\"container\" data-settings=\"{&quot;background_background&quot;:&quot;classic&quot;}\">\n\t\t\t\t\t<div class=\"e-con-inner\">\n\t\t<div class=\"elementor-element elementor-element-ab0f8cd e-con-full e-flex e-con e-child\" data-id=\"ab0f8cd\" data-element_type=\"container\">\n\t\t\t\t<div class=\"elementor-element elementor-element-560b182 elementor-widget elementor-widget-heading\" data-id=\"560b182\" data-element_type=\"widget\" data-widget_type=\"heading.default\">\n\t\t\t\t<div class=\"elementor-widget-container\">\n\t\t\t\t\t<h1 class=\"elementor-heading-title elementor-size-default\">Comercialitzadores de llum, gas i energia solar amb qu\u00e8 treballem\n\n<\/h1>\t\t\t\t<\/div>\n\t\t\t\t<\/div>\n\t\t\t\t<\/div>\n\t\t\t\t\t<\/div>\n\t\t\t\t<\/div>\n\t\t<div class=\"elementor-element elementor-element-12abf6c e-flex e-con-boxed e-con e-parent\" data-id=\"12abf6c\" data-element_type=\"container\" data-settings=\"{&quot;background_background&quot;:&quot;classic&quot;}\">\n\t\t\t\t\t<div class=\"e-con-inner\">\n\t\t<div class=\"elementor-element elementor-element-eecf276 e-con-full e-flex e-con e-child\" data-id=\"eecf276\" data-element_type=\"container\">\n\t\t<div class=\"elementor-element elementor-element-bd798e8 e-flex e-con-boxed e-con e-child\" data-id=\"bd798e8\" data-element_type=\"container\">\n\t\t\t\t\t<div class=\"e-con-inner\">\n\t\t<div class=\"elementor-element elementor-element-a5a931e e-con-full e-flex e-con e-child\" data-id=\"a5a931e\" data-element_type=\"container\">\n\t\t\t\t<div class=\"elementor-element elementor-element-18710e0 elementor-widget elementor-widget-heading\" data-id=\"18710e0\" data-element_type=\"widget\" data-widget_type=\"heading.default\">\n\t\t\t\t<div class=\"elementor-widget-container\">\n\t\t\t\t\t<h2 class=\"elementor-heading-title elementor-size-default\">Els nostres prove\u00efdors d&#039;energia: llum, gas i plaques solars\n<\/h2>\t\t\t\t<\/div>\n\t\t\t\t<\/div>\n\t\t\t\t<div class=\"elementor-element elementor-element-5ea88dc elementor-widget-divider--view-line elementor-widget elementor-widget-divider\" data-id=\"5ea88dc\" data-element_type=\"widget\" data-widget_type=\"divider.default\">\n\t\t\t\t<div class=\"elementor-widget-container\">\n\t\t\t\t\t\t\t<div class=\"elementor-divider\">\n\t\t\t<span class=\"elementor-divider-separator\">\n\t\t\t\t\t\t<\/span>\n\t\t<\/div>\n\t\t\t\t\t\t<\/div>\n\t\t\t\t<\/div>\n\t\t\t\t<\/div>\n\t\t<div class=\"elementor-element elementor-element-a8224fd e-con-full e-flex e-con e-child\" data-id=\"a8224fd\" data-element_type=\"container\">\n\t\t\t\t<div class=\"elementor-element elementor-element-e97e2e3 elementor-widget elementor-widget-text-editor\" data-id=\"e97e2e3\" data-element_type=\"widget\" data-widget_type=\"text-editor.default\">\n\t\t\t\t<div class=\"elementor-widget-container\">\n\t\t\t\t\t\t\t\t\t<p class=\"\" data-start=\"598\" data-end=\"986\">A <strong data-start=\"614\" data-end=\"636\">Efici\u00e8ncia Energia<\/strong>, col\u00b7laborem amb una \u00e0mplia xarxa de <strong data-start=\"672\" data-end=\"706\">comercialitzadores de llum i gas<\/strong> aix\u00ed com amb <strong data-start=\"720\" data-end=\"767\">prove\u00efdors especialitzats en energia solar<\/strong>. La nostra missi\u00f3 \u00e9s oferir-te sempre la millor opci\u00f3 en funci\u00f3 de les teves necessitats energ\u00e8tiques, ja sigui per al subministrament de <strong data-start=\"893\" data-end=\"909\">electricitat<\/strong>, <strong data-start=\"911\" data-end=\"926\">gas natural<\/strong> o la <strong data-start=\"932\" data-end=\"965\">instal\u00b7laci\u00f3 de plaques solars<\/strong> per a l&#039;autoconsum.<\/p><p class=\"\" data-start=\"988\" data-end=\"1197\">Gr\u00e0cies a les nostres aliances estrat\u00e8giques amb les principals companyies del sector, podem garantir tarifes competitives, contractes flexibles i un assessorament personalitzat que us ajuda a estalviar cada mes.<\/p>\t\t\t\t\t\t\t\t<\/div>\n\t\t\t\t<\/div>\n\t\t\t\t<\/div>\n\t\t\t\t\t<\/div>\n\t\t\t\t<\/div>\n\t\t\t\t<\/div>\n\t\t<div class=\"elementor-element elementor-element-d2027f1 e-con-full e-flex e-con e-child\" data-id=\"d2027f1\" data-element_type=\"container\">\n\t\t\t\t<div class=\"elementor-element elementor-element-fbe7860 elementor-widget elementor-widget-heading\" data-id=\"fbe7860\" data-element_type=\"widget\" data-widget_type=\"heading.default\">\n\t\t\t\t<div class=\"elementor-widget-container\">\n\t\t\t\t\t<h2 class=\"elementor-heading-title elementor-size-default\">Treballem amb les principals comercialitzadores<br> de llum i gas a Espanya<\/h2>\t\t\t\t<\/div>\n\t\t\t\t<\/div>\n\t\t\t\t<div class=\"elementor-element elementor-element-9e104f6 elementor-widget elementor-widget-text-editor\" data-id=\"9e104f6\" data-element_type=\"widget\" data-widget_type=\"text-editor.default\">\n\t\t\t\t<div class=\"elementor-widget-container\">\n\t\t\t\t\t\t\t\t\t<p data-start=\"56\" data-end=\"323\">Analitzem i comparem constantment les tarifes de les <strong data-start=\"1368\" data-end=\"1408\">millors comercialitzadores el\u00e8ctriques<\/strong> i de <strong data-start=\"1414\" data-end=\"1429\">gas natural<\/strong> per oferir-te sempre les condicions m\u00e9s avantatjoses. La nostra xarxa de partners inclou tant grans companyies consolidades com noves alternatives emergents enfocades a la <strong data-start=\"1606\" data-end=\"1636\">energia verda i sostenible<\/strong>.<\/p><p data-start=\"325\" data-end=\"485\" data-is-last-node=\"\" data-is-only-node=\"\"><strong data-start=\"325\" data-end=\"397\">Llestos per reduir costos i millorar l&#039;efici\u00e8ncia a la teva comunitat?<\/strong> Contacta&#039;ns avui mateix i descobreix com et podem ajudar a estalviar energia i diners. \ud83d\udca1\ud83c\udfe1<\/p>\t\t\t\t\t\t\t\t<\/div>\n\t\t\t\t<\/div>\n\t\t\t\t<div class=\"elementor-element elementor-element-6647180 elementor-align-center elementor-widget elementor-widget-button\" data-id=\"6647180\" data-element_type=\"widget\" data-widget_type=\"button.default\">\n\t\t\t\t<div class=\"elementor-widget-container\">\n\t\t\t\t\t\t\t\t\t<div class=\"elementor-button-wrapper\">\n\t\t\t\t\t<a class=\"elementor-button elementor-button-link elementor-size-sm\" href=\"https:\/\/eficienciaenergia.com\/ca\/contacto\/\">\n\t\t\t\t\t\t<span class=\"elementor-button-content-wrapper\">\n\t\t\t\t\t\t\t\t\t<span class=\"elementor-button-text\">vull saber m\u00e9s<\/span>\n\t\t\t\t\t<\/span>\n\t\t\t\t\t<\/a>\n\t\t\t\t<\/div>\n\t\t\t\t\t\t\t\t<\/div>\n\t\t\t\t<\/div>\n\t\t\t\t<\/div>\n\t\t<div class=\"elementor-element elementor-element-86aa25b e-con-full e-flex e-con e-child\" data-id=\"86aa25b\" data-element_type=\"container\">\n\t\t<div class=\"elementor-element elementor-element-5285815 e-grid e-con-full e-con e-child\" data-id=\"5285815\" data-element_type=\"container\">\n\t\t\t\t<div class=\"elementor-element elementor-element-4b340b2 elementor-widget elementor-widget-image\" data-id=\"4b340b2\" data-element_type=\"widget\" data-widget_type=\"image.default\">\n\t\t\t\t<div class=\"elementor-widget-container\">\n\t\t\t\t\t\t\t\t\t\t\t\t\t\t\t<img fetchpriority=\"high\" decoding=\"async\" width=\"318\" height=\"159\" src=\"https:\/\/eficienciaenergia.com\/wp-content\/uploads\/2025\/05\/endesa.png\" class=\"attachment-large size-large wp-image-2595\" alt=\"\" srcset=\"https:\/\/eficienciaenergia.com\/wp-content\/uploads\/2025\/05\/endesa.png 318w, https:\/\/eficienciaenergia.com\/wp-content\/uploads\/2025\/05\/endesa-300x150.png 300w, https:\/\/eficienciaenergia.com\/wp-content\/uploads\/2025\/05\/endesa-18x9.png 18w\" sizes=\"(max-width: 318px) 100vw, 318px\" title=\"\">\t\t\t\t\t\t\t\t\t\t\t\t\t\t\t<\/div>\n\t\t\t\t<\/div>\n\t\t\t\t<div class=\"elementor-element elementor-element-6865071 elementor-widget elementor-widget-image\" data-id=\"6865071\" data-element_type=\"widget\" data-widget_type=\"image.default\">\n\t\t\t\t<div class=\"elementor-widget-container\">\n\t\t\t\t\t\t\t\t\t\t\t\t\t\t\t<img decoding=\"async\" width=\"300\" height=\"168\" src=\"https:\/\/eficienciaenergia.com\/wp-content\/uploads\/2025\/05\/iberdrola.jpg\" class=\"attachment-large size-large wp-image-2596\" alt=\"\" srcset=\"https:\/\/eficienciaenergia.com\/wp-content\/uploads\/2025\/05\/iberdrola.jpg 300w, https:\/\/eficienciaenergia.com\/wp-content\/uploads\/2025\/05\/iberdrola-18x10.jpg 18w\" sizes=\"(max-width: 300px) 100vw, 300px\" title=\"\">\t\t\t\t\t\t\t\t\t\t\t\t\t\t\t<\/div>\n\t\t\t\t<\/div>\n\t\t\t\t<div class=\"elementor-element elementor-element-bb854ff elementor-widget elementor-widget-image\" data-id=\"bb854ff\" data-element_type=\"widget\" data-widget_type=\"image.default\">\n\t\t\t\t<div class=\"elementor-widget-container\">\n\t\t\t\t\t\t\t\t\t\t\t\t\t\t\t<img decoding=\"async\" width=\"455\" height=\"111\" src=\"https:\/\/eficienciaenergia.com\/wp-content\/uploads\/2025\/05\/naturgy.png\" class=\"attachment-large size-large wp-image-2597\" alt=\"\" srcset=\"https:\/\/eficienciaenergia.com\/wp-content\/uploads\/2025\/05\/naturgy.png 455w, https:\/\/eficienciaenergia.com\/wp-content\/uploads\/2025\/05\/naturgy-300x73.png 300w, https:\/\/eficienciaenergia.com\/wp-content\/uploads\/2025\/05\/naturgy-18x4.png 18w\" sizes=\"(max-width: 455px) 100vw, 455px\" title=\"\">\t\t\t\t\t\t\t\t\t\t\t\t\t\t\t<\/div>\n\t\t\t\t<\/div>\n\t\t\t\t<div class=\"elementor-element elementor-element-fbfa0d2 elementor-widget elementor-widget-image\" data-id=\"fbfa0d2\" data-element_type=\"widget\" data-widget_type=\"image.default\">\n\t\t\t\t<div class=\"elementor-widget-container\">\n\t\t\t\t\t\t\t\t\t\t\t\t\t\t\t<img loading=\"lazy\" decoding=\"async\" width=\"228\" height=\"220\" src=\"https:\/\/eficienciaenergia.com\/wp-content\/uploads\/2025\/05\/plenitude.jpg\" class=\"attachment-large size-large wp-image-2598\" alt=\"\" srcset=\"https:\/\/eficienciaenergia.com\/wp-content\/uploads\/2025\/05\/plenitude.jpg 228w, https:\/\/eficienciaenergia.com\/wp-content\/uploads\/2025\/05\/plenitude-12x12.jpg 12w\" sizes=\"(max-width: 228px) 100vw, 228px\" title=\"\">\t\t\t\t\t\t\t\t\t\t\t\t\t\t\t<\/div>\n\t\t\t\t<\/div>\n\t\t\t\t<div class=\"elementor-element elementor-element-5c6c538 elementor-widget elementor-widget-image\" data-id=\"5c6c538\" data-element_type=\"widget\" data-widget_type=\"image.default\">\n\t\t\t\t<div class=\"elementor-widget-container\">\n\t\t\t\t\t\t\t\t\t\t\t\t\t\t\t<img loading=\"lazy\" decoding=\"async\" width=\"345\" height=\"146\" src=\"https:\/\/eficienciaenergia.com\/wp-content\/uploads\/2025\/05\/eleia.png\" class=\"attachment-large size-large wp-image-2599\" alt=\"\" srcset=\"https:\/\/eficienciaenergia.com\/wp-content\/uploads\/2025\/05\/eleia.png 345w, https:\/\/eficienciaenergia.com\/wp-content\/uploads\/2025\/05\/eleia-300x127.png 300w, https:\/\/eficienciaenergia.com\/wp-content\/uploads\/2025\/05\/eleia-18x8.png 18w\" sizes=\"(max-width: 345px) 100vw, 345px\" title=\"\">\t\t\t\t\t\t\t\t\t\t\t\t\t\t\t<\/div>\n\t\t\t\t<\/div>\n\t\t\t\t<div class=\"elementor-element elementor-element-5a8fae6 elementor-widget elementor-widget-image\" data-id=\"5a8fae6\" data-element_type=\"widget\" data-widget_type=\"image.default\">\n\t\t\t\t<div class=\"elementor-widget-container\">\n\t\t\t\t\t\t\t\t\t\t\t\t\t\t\t<img loading=\"lazy\" decoding=\"async\" width=\"225\" height=\"225\" src=\"https:\/\/eficienciaenergia.com\/wp-content\/uploads\/2025\/05\/total-energies.jpg\" class=\"attachment-large size-large wp-image-2600\" alt=\"\" srcset=\"https:\/\/eficienciaenergia.com\/wp-content\/uploads\/2025\/05\/total-energies.jpg 225w, https:\/\/eficienciaenergia.com\/wp-content\/uploads\/2025\/05\/total-energies-150x150.jpg 150w, https:\/\/eficienciaenergia.com\/wp-content\/uploads\/2025\/05\/total-energies-12x12.jpg 12w\" sizes=\"(max-width: 225px) 100vw, 225px\" title=\"\">\t\t\t\t\t\t\t\t\t\t\t\t\t\t\t<\/div>\n\t\t\t\t<\/div>\n\t\t\t\t<div class=\"elementor-element elementor-element-65dfd8c elementor-widget elementor-widget-image\" data-id=\"65dfd8c\" data-element_type=\"widget\" data-widget_type=\"image.default\">\n\t\t\t\t<div class=\"elementor-widget-container\">\n\t\t\t\t\t\t\t\t\t\t\t\t\t\t\t<img loading=\"lazy\" decoding=\"async\" width=\"359\" height=\"140\" src=\"https:\/\/eficienciaenergia.com\/wp-content\/uploads\/2025\/05\/Unielectrica.jpg\" class=\"attachment-large size-large wp-image-2601\" alt=\"\" srcset=\"https:\/\/eficienciaenergia.com\/wp-content\/uploads\/2025\/05\/Unielectrica.jpg 359w, https:\/\/eficienciaenergia.com\/wp-content\/uploads\/2025\/05\/Unielectrica-300x117.jpg 300w, https:\/\/eficienciaenergia.com\/wp-content\/uploads\/2025\/05\/Unielectrica-18x7.jpg 18w\" sizes=\"(max-width: 359px) 100vw, 359px\" title=\"\">\t\t\t\t\t\t\t\t\t\t\t\t\t\t\t<\/div>\n\t\t\t\t<\/div>\n\t\t\t\t<div class=\"elementor-element elementor-element-ec4c324 elementor-widget elementor-widget-image\" data-id=\"ec4c324\" data-element_type=\"widget\" data-widget_type=\"image.default\">\n\t\t\t\t<div class=\"elementor-widget-container\">\n\t\t\t\t\t\t\t\t\t\t\t\t\t\t\t<img loading=\"lazy\" decoding=\"async\" width=\"345\" height=\"146\" src=\"https:\/\/eficienciaenergia.com\/wp-content\/uploads\/2025\/05\/nexus.jpg\" class=\"attachment-large size-large wp-image-2602\" alt=\"\" srcset=\"https:\/\/eficienciaenergia.com\/wp-content\/uploads\/2025\/05\/nexus.jpg 345w, https:\/\/eficienciaenergia.com\/wp-content\/uploads\/2025\/05\/nexus-300x127.jpg 300w, https:\/\/eficienciaenergia.com\/wp-content\/uploads\/2025\/05\/nexus-18x8.jpg 18w\" sizes=\"(max-width: 345px) 100vw, 345px\" title=\"\">\t\t\t\t\t\t\t\t\t\t\t\t\t\t\t<\/div>\n\t\t\t\t<\/div>\n\t\t\t\t<div class=\"elementor-element elementor-element-dec751a elementor-widget elementor-widget-image\" data-id=\"dec751a\" data-element_type=\"widget\" data-widget_type=\"image.default\">\n\t\t\t\t<div class=\"elementor-widget-container\">\n\t\t\t\t\t\t\t\t\t\t\t\t\t\t\t<img loading=\"lazy\" decoding=\"async\" width=\"376\" height=\"134\" src=\"https:\/\/eficienciaenergia.com\/wp-content\/uploads\/2025\/05\/odf.jpg\" class=\"attachment-large size-large wp-image-2603\" alt=\"\" srcset=\"https:\/\/eficienciaenergia.com\/wp-content\/uploads\/2025\/05\/odf.jpg 376w, https:\/\/eficienciaenergia.com\/wp-content\/uploads\/2025\/05\/odf-300x107.jpg 300w, https:\/\/eficienciaenergia.com\/wp-content\/uploads\/2025\/05\/odf-18x6.jpg 18w\" sizes=\"(max-width: 376px) 100vw, 376px\" title=\"\">\t\t\t\t\t\t\t\t\t\t\t\t\t\t\t<\/div>\n\t\t\t\t<\/div>\n\t\t\t\t<div class=\"elementor-element elementor-element-955d3a8 elementor-widget elementor-widget-image\" data-id=\"955d3a8\" data-element_type=\"widget\" data-widget_type=\"image.default\">\n\t\t\t\t<div class=\"elementor-widget-container\">\n\t\t\t\t\t\t\t\t\t\t\t\t\t\t\t<img loading=\"lazy\" decoding=\"async\" width=\"332\" height=\"152\" src=\"https:\/\/eficienciaenergia.com\/wp-content\/uploads\/2025\/05\/yaluz.png\" class=\"attachment-large size-large wp-image-2604\" alt=\"\" srcset=\"https:\/\/eficienciaenergia.com\/wp-content\/uploads\/2025\/05\/yaluz.png 332w, https:\/\/eficienciaenergia.com\/wp-content\/uploads\/2025\/05\/yaluz-300x137.png 300w, https:\/\/eficienciaenergia.com\/wp-content\/uploads\/2025\/05\/yaluz-18x8.png 18w\" sizes=\"(max-width: 332px) 100vw, 332px\" title=\"\">\t\t\t\t\t\t\t\t\t\t\t\t\t\t\t<\/div>\n\t\t\t\t<\/div>\n\t\t\t\t<div class=\"elementor-element elementor-element-662de3a elementor-widget elementor-widget-image\" data-id=\"662de3a\" data-element_type=\"widget\" data-widget_type=\"image.default\">\n\t\t\t\t<div class=\"elementor-widget-container\">\n\t\t\t\t\t\t\t\t\t\t\t\t\t\t\t<img loading=\"lazy\" decoding=\"async\" width=\"300\" height=\"168\" src=\"https:\/\/eficienciaenergia.com\/wp-content\/uploads\/2025\/05\/ganaenergia.png\" class=\"attachment-large size-large wp-image-2605\" alt=\"\" srcset=\"https:\/\/eficienciaenergia.com\/wp-content\/uploads\/2025\/05\/ganaenergia.png 300w, https:\/\/eficienciaenergia.com\/wp-content\/uploads\/2025\/05\/ganaenergia-18x10.png 18w\" sizes=\"(max-width: 300px) 100vw, 300px\" title=\"\">\t\t\t\t\t\t\t\t\t\t\t\t\t\t\t<\/div>\n\t\t\t\t<\/div>\n\t\t\t\t<div class=\"elementor-element elementor-element-cf1aa8b elementor-widget elementor-widget-image\" data-id=\"cf1aa8b\" data-element_type=\"widget\" data-widget_type=\"image.default\">\n\t\t\t\t<div class=\"elementor-widget-container\">\n\t\t\t\t\t\t\t\t\t\t\t\t\t\t\t<img loading=\"lazy\" decoding=\"async\" width=\"263\" height=\"192\" src=\"https:\/\/eficienciaenergia.com\/wp-content\/uploads\/2025\/05\/repsol.jpg\" class=\"attachment-large size-large wp-image-2606\" alt=\"\" srcset=\"https:\/\/eficienciaenergia.com\/wp-content\/uploads\/2025\/05\/repsol.jpg 263w, https:\/\/eficienciaenergia.com\/wp-content\/uploads\/2025\/05\/repsol-16x12.jpg 16w\" sizes=\"(max-width: 263px) 100vw, 263px\" title=\"\">\t\t\t\t\t\t\t\t\t\t\t\t\t\t\t<\/div>\n\t\t\t\t<\/div>\n\t\t\t\t<div class=\"elementor-element elementor-element-ead0198 elementor-widget elementor-widget-image\" data-id=\"ead0198\" data-element_type=\"widget\" data-widget_type=\"image.default\">\n\t\t\t\t<div class=\"elementor-widget-container\">\n\t\t\t\t\t\t\t\t\t\t\t\t\t\t\t<img loading=\"lazy\" decoding=\"async\" width=\"264\" height=\"191\" src=\"https:\/\/eficienciaenergia.com\/wp-content\/uploads\/2025\/05\/alumbra.jpg\" class=\"attachment-large size-large wp-image-2607\" alt=\"\" srcset=\"https:\/\/eficienciaenergia.com\/wp-content\/uploads\/2025\/05\/alumbra.jpg 264w, https:\/\/eficienciaenergia.com\/wp-content\/uploads\/2025\/05\/alumbra-18x12.jpg 18w\" sizes=\"(max-width: 264px) 100vw, 264px\" title=\"\">\t\t\t\t\t\t\t\t\t\t\t\t\t\t\t<\/div>\n\t\t\t\t<\/div>\n\t\t\t\t<div class=\"elementor-element elementor-element-8435841 elementor-widget elementor-widget-image\" data-id=\"8435841\" data-element_type=\"widget\" data-widget_type=\"image.default\">\n\t\t\t\t<div class=\"elementor-widget-container\">\n\t\t\t\t\t\t\t\t\t\t\t\t\t\t\t<img loading=\"lazy\" decoding=\"async\" width=\"410\" height=\"123\" src=\"https:\/\/eficienciaenergia.com\/wp-content\/uploads\/2025\/05\/novaluz.png\" class=\"attachment-large size-large wp-image-2608\" alt=\"\" srcset=\"https:\/\/eficienciaenergia.com\/wp-content\/uploads\/2025\/05\/novaluz.png 410w, https:\/\/eficienciaenergia.com\/wp-content\/uploads\/2025\/05\/novaluz-300x90.png 300w, https:\/\/eficienciaenergia.com\/wp-content\/uploads\/2025\/05\/novaluz-18x5.png 18w\" sizes=\"(max-width: 410px) 100vw, 410px\" title=\"\">\t\t\t\t\t\t\t\t\t\t\t\t\t\t\t<\/div>\n\t\t\t\t<\/div>\n\t\t\t\t<\/div>\n\t\t\t\t<\/div>\n\t\t\t\t\t<\/div>\n\t\t\t\t<\/div>\n\t\t\t\t<\/div>","protected":false},"excerpt":{"rendered":"<p>Comercialitzadores de llum, gas i energia solar amb qu\u00e8 treballem Els nostres prove\u00efdors d&#039;energia: llum, gas i plaques solars A Efici\u00e8ncia Energia, col\u00b7laborem amb una \u00e0mplia xarxa de comercialitzadores de llum i gas aix\u00ed com amb prove\u00efdors especialitzats en energia solar. La nostra missi\u00f3 \u00e9s oferir-te sempre la millor opci\u00f3 en funci\u00f3 de les teves necessitats [\u2026]<\/p>","protected":false},"author":1,"featured_media":0,"parent":0,"menu_order":0,"comment_status":"closed","ping_status":"closed","template":"","meta":{"site-sidebar-layout":"no-sidebar","site-content-layout":"page-builder","ast-site-content-layout":"full-width-container","site-content-style":"default","site-sidebar-style":"default","ast-global-header-display":"","ast-banner-title-visibility":"","ast-main-header-display":"","ast-hfb-above-header-display":"","ast-hfb-below-header-display":"","ast-hfb-mobile-header-display":"","site-post-title":"disabled","ast-breadcrumbs-content":"","ast-featured-img":"disabled","footer-sml-layout":"","ast-disable-related-posts":"","theme-transparent-header-meta":"","adv-header-id-meta":"","stick-header-meta":"","header-above-stick-meta":"","header-main-stick-meta":"","header-below-stick-meta":"","astra-migrate-meta-layouts":"set","ast-page-background-enabled":"default","ast-page-background-meta":{"desktop":{"background-color":"","background-image":"","background-repeat":"repeat","background-position":"center center","background-size":"auto","background-attachment":"scroll","background-type":"","background-media":"","overlay-type":"","overlay-color":"","overlay-opacity":"","overlay-gradient":""},"tablet":{"background-color":"","background-image":"","background-repeat":"repeat","background-position":"center center","background-size":"auto","background-attachment":"scroll","background-type":"","background-media":"","overlay-type":"","overlay-color":"","overlay-opacity":"","overlay-gradient":""},"mobile":{"background-color":"","background-image":"","background-repeat":"repeat","background-position":"center center","background-size":"auto","background-attachment":"scroll","background-type":"","background-media":"","overlay-type":"","overlay-color":"","overlay-opacity":"","overlay-gradient":""}},"ast-content-background-meta":{"desktop":{"background-color":"var(--ast-global-color-5)","background-image":"","background-repeat":"repeat","background-position":"center center","background-size":"auto","background-attachment":"scroll","background-type":"","background-media":"","overlay-type":"","overlay-color":"","overlay-opacity":"","overlay-gradient":""},"tablet":{"background-color":"var(--ast-global-color-5)","background-image":"","background-repeat":"repeat","background-position":"center center","background-size":"auto","background-attachment":"scroll","background-type":"","background-media":"","overlay-type":"","overlay-color":"","overlay-opacity":"","overlay-gradient":""},"mobile":{"background-color":"var(--ast-global-color-5)","background-image":"","background-repeat":"repeat","background-position":"center center","background-size":"auto","background-attachment":"scroll","background-type":"","background-media":"","overlay-type":"","overlay-color":"","overlay-opacity":"","overlay-gradient":""}},"footnotes":""},"class_list":["post-2591","page","type-page","status-publish","hentry"],"_links":{"self":[{"href":"https:\/\/eficienciaenergia.com\/ca\/wp-json\/wp\/v2\/pages\/2591","targetHints":{"allow":["GET"]}}],"collection":[{"href":"https:\/\/eficienciaenergia.com\/ca\/wp-json\/wp\/v2\/pages"}],"about":[{"href":"https:\/\/eficienciaenergia.com\/ca\/wp-json\/wp\/v2\/types\/page"}],"author":[{"embeddable":true,"href":"https:\/\/eficienciaenergia.com\/ca\/wp-json\/wp\/v2\/users\/1"}],"replies":[{"embeddable":true,"href":"https:\/\/eficienciaenergia.com\/ca\/wp-json\/wp\/v2\/comments?post=2591"}],"version-history":[{"count":7,"href":"https:\/\/eficienciaenergia.com\/ca\/wp-json\/wp\/v2\/pages\/2591\/revisions"}],"predecessor-version":[{"id":2614,"href":"https:\/\/eficienciaenergia.com\/ca\/wp-json\/wp\/v2\/pages\/2591\/revisions\/2614"}],"wp:attachment":[{"href":"https:\/\/eficienciaenergia.com\/ca\/wp-json\/wp\/v2\/media?parent=2591"}],"curies":[{"name":"wp","href":"https:\/\/api.w.org\/{rel}","templated":true}]}}