{"id":2567,"date":"2025-02-21T10:20:36","date_gmt":"2025-02-21T10:20:36","guid":{"rendered":"https:\/\/eficienciaenergia.com\/?page_id=2567"},"modified":"2025-10-07T14:09:59","modified_gmt":"2025-10-07T14:09:59","slug":"ahorro-energetico-para-comunidades-de-vecinos","status":"publish","type":"page","link":"https:\/\/eficienciaenergia.com\/ca\/ahorro-energetico-para-comunidades-de-vecinos\/","title":{"rendered":"Estalvi energ\u00e8tic per a comunitats de ve\u00efns"},"content":{"rendered":"<div data-elementor-type=\"wp-post\" data-elementor-id=\"2567\" class=\"elementor elementor-2567\">\n\t\t\t\t<div class=\"elementor-element elementor-element-fa58356 e-flex e-con-boxed e-con e-parent\" data-id=\"fa58356\" data-element_type=\"container\" data-settings=\"{&quot;background_background&quot;:&quot;classic&quot;}\">\n\t\t\t\t\t<div class=\"e-con-inner\">\n\t\t<div class=\"elementor-element elementor-element-8e469c4 e-con-full e-flex e-con e-child\" data-id=\"8e469c4\" data-element_type=\"container\">\n\t\t\t\t<div class=\"elementor-element elementor-element-b0863f8 elementor-widget elementor-widget-heading\" data-id=\"b0863f8\" data-element_type=\"widget\" data-widget_type=\"heading.default\">\n\t\t\t\t<div class=\"elementor-widget-container\">\n\t\t\t\t\t<h1 class=\"elementor-heading-title elementor-size-default\">Estalvi energ\u00e8tic per a comunitats de ve\u00efns\n<\/h1>\t\t\t\t<\/div>\n\t\t\t\t<\/div>\n\t\t\t\t<\/div>\n\t\t\t\t\t<\/div>\n\t\t\t\t<\/div>\n\t\t<div class=\"elementor-element elementor-element-0b1ad50 e-flex e-con-boxed e-con e-parent\" data-id=\"0b1ad50\" data-element_type=\"container\" data-settings=\"{&quot;background_background&quot;:&quot;gradient&quot;}\">\n\t\t\t\t\t<div class=\"e-con-inner\">\n\t\t<div class=\"elementor-element elementor-element-7a94980 e-con-full e-flex e-con e-child\" data-id=\"7a94980\" data-element_type=\"container\">\n\t\t<div class=\"elementor-element elementor-element-7c64241 e-flex e-con-boxed e-con e-child\" data-id=\"7c64241\" data-element_type=\"container\">\n\t\t\t\t\t<div class=\"e-con-inner\">\n\t\t<div class=\"elementor-element elementor-element-5fb204b e-con-full e-flex e-con e-child\" data-id=\"5fb204b\" data-element_type=\"container\">\n\t\t\t\t<div class=\"elementor-element elementor-element-776c0ea elementor-widget elementor-widget-heading\" data-id=\"776c0ea\" data-element_type=\"widget\" data-widget_type=\"heading.default\">\n\t\t\t\t<div class=\"elementor-widget-container\">\n\t\t\t\t\t<h2 class=\"elementor-heading-title elementor-size-default\">Beneficis de l&#039;estalvi energ\u00e8tic a les comunitats\n<\/h2>\t\t\t\t<\/div>\n\t\t\t\t<\/div>\n\t\t\t\t<div class=\"elementor-element elementor-element-c96901c elementor-widget-divider--view-line elementor-widget elementor-widget-divider\" data-id=\"c96901c\" data-element_type=\"widget\" data-widget_type=\"divider.default\">\n\t\t\t\t<div class=\"elementor-widget-container\">\n\t\t\t\t\t\t\t<div class=\"elementor-divider\">\n\t\t\t<span class=\"elementor-divider-separator\">\n\t\t\t\t\t\t<\/span>\n\t\t<\/div>\n\t\t\t\t\t\t<\/div>\n\t\t\t\t<\/div>\n\t\t\t\t<\/div>\n\t\t<div class=\"elementor-element elementor-element-f90f468 e-con-full e-flex e-con e-child\" data-id=\"f90f468\" data-element_type=\"container\">\n\t\t\t\t<div class=\"elementor-element elementor-element-451beee elementor-widget elementor-widget-text-editor\" data-id=\"451beee\" data-element_type=\"widget\" data-widget_type=\"text-editor.default\">\n\t\t\t\t<div class=\"elementor-widget-container\">\n\t\t\t\t\t\t\t\t\t<p data-start=\"454\" data-end=\"836\">Implementar mesures de <strong data-start=\"477\" data-end=\"526\">estalvi energ\u00e8tic per a comunitats de ve\u00efns<\/strong> \u00e9s clau per reduir costos i millorar-ne l&#039;efici\u00e8ncia. El consum de llum i electricitat en edificis residencials pot suposar una despesa elevada per als propietaris. Optimitzar l&#039;\u00fas de l&#039;energia el\u00e8ctrica permet no sols disminuir la factura de llum, sin\u00f3 tamb\u00e9 contribuir a tenir cura del medi ambient.<\/p><h2 data-start=\"838\" data-end=\"910\">\u00a0<\/h2>\t\t\t\t\t\t\t\t<\/div>\n\t\t\t\t<\/div>\n\t\t\t\t<\/div>\n\t\t\t\t\t<\/div>\n\t\t\t\t<\/div>\n\t\t<div class=\"elementor-element elementor-element-280bf32 e-con-full e-flex e-con e-child\" data-id=\"280bf32\" data-element_type=\"container\" data-settings=\"{&quot;background_background&quot;:&quot;classic&quot;}\">\n\t\t\t\t<\/div>\n\t\t\t\t<\/div>\n\t\t\t\t\t<\/div>\n\t\t\t\t<\/div>\n\t\t<div class=\"elementor-element elementor-element-27a488e e-flex e-con-boxed e-con e-parent\" data-id=\"27a488e\" data-element_type=\"container\" data-settings=\"{&quot;background_background&quot;:&quot;classic&quot;}\">\n\t\t\t\t\t<div class=\"e-con-inner\">\n\t\t<div class=\"elementor-element elementor-element-ea6af9d e-con-full e-flex e-con e-child\" data-id=\"ea6af9d\" data-element_type=\"container\">\n\t\t\t\t<div class=\"elementor-element elementor-element-aa0246c elementor-widget elementor-widget-heading\" data-id=\"aa0246c\" data-element_type=\"widget\" data-widget_type=\"heading.default\">\n\t\t\t\t<div class=\"elementor-widget-container\">\n\t\t\t\t\t<h2 class=\"elementor-heading-title elementor-size-default\">Estrat\u00e8gies per a l&#039;estalvi energ\u00e8tic a comunitats de ve\u00efns\n<\/h2>\t\t\t\t<\/div>\n\t\t\t\t<\/div>\n\t\t\t\t<div class=\"elementor-element elementor-element-20d368c elementor-widget-divider--view-line elementor-widget elementor-widget-divider\" data-id=\"20d368c\" data-element_type=\"widget\" data-widget_type=\"divider.default\">\n\t\t\t\t<div class=\"elementor-widget-container\">\n\t\t\t\t\t\t\t<div class=\"elementor-divider\">\n\t\t\t<span class=\"elementor-divider-separator\">\n\t\t\t\t\t\t<\/span>\n\t\t<\/div>\n\t\t\t\t\t\t<\/div>\n\t\t\t\t<\/div>\n\t\t\t\t<\/div>\n\t\t<div class=\"elementor-element elementor-element-0d857b0 e-con-full e-flex e-con e-child\" data-id=\"0d857b0\" data-element_type=\"container\">\n\t\t\t\t<div class=\"elementor-element elementor-element-5d31785 elementor-widget elementor-widget-heading\" data-id=\"5d31785\" data-element_type=\"widget\" data-widget_type=\"heading.default\">\n\t\t\t\t<div class=\"elementor-widget-container\">\n\t\t\t\t\t<h2 class=\"elementor-heading-title elementor-size-default\">Mesures per reduir el consum d&#039;energia<\/h2>\t\t\t\t<\/div>\n\t\t\t\t<\/div>\n\t\t\t\t<div class=\"elementor-element elementor-element-08a2944 elementor-widget elementor-widget-text-editor\" data-id=\"08a2944\" data-element_type=\"widget\" data-widget_type=\"text-editor.default\">\n\t\t\t\t<div class=\"elementor-widget-container\">\n\t\t\t\t\t\t\t\t\t<p data-start=\"966\" data-end=\"1083\">Hi ha m\u00faltiples formes de millorar el <strong data-start=\"1005\" data-end=\"1041\">estalvi energ\u00e8tic en comunitats<\/strong>. Algunes de les m\u00e9s efectives inclouen:<\/p><ul data-start=\"1085\" data-end=\"1630\"><li data-start=\"1085\" data-end=\"1213\"><strong data-start=\"1087\" data-end=\"1120\">Gesti\u00f3 energ\u00e8tica eficient:<\/strong> Supervisar el consum energ\u00e8tic permet detectar excessos i corregir h\u00e0bits ineficients.<\/li><li data-start=\"1214\" data-end=\"1344\"><strong data-start=\"1216\" data-end=\"1256\">\u00das de fonts denergia renovable:<\/strong> La instal\u00b7laci\u00f3 de panells solars ajuda a reduir la depend\u00e8ncia de la xarxa el\u00e8ctrica.<\/li><li data-start=\"1345\" data-end=\"1461\"><strong data-start=\"1347\" data-end=\"1373\">Il\u00b7luminaci\u00f3 eficient:<\/strong> Substituir bombetes tradicionals per LED pot reduir la despesa de llum fins a un 80%.<\/li><li data-start=\"1462\" data-end=\"1630\"><strong data-start=\"1464\" data-end=\"1488\">A\u00efllament t\u00e8rmic:<\/strong> Millorar l&#039;a\u00efllament a fa\u00e7anes i finestres evita la p\u00e8rdua de calor a l&#039;hivern i l&#039;exc\u00e9s de calor a l&#039;estiu, optimitzant-ne el consum.<\/li><\/ul>\t\t\t\t\t\t\t\t<\/div>\n\t\t\t\t<\/div>\n\t\t\t\t<div class=\"elementor-element elementor-element-57c9382 elementor-widget elementor-widget-heading\" data-id=\"57c9382\" data-element_type=\"widget\" data-widget_type=\"heading.default\">\n\t\t\t\t<div class=\"elementor-widget-container\">\n\t\t\t\t\t<h2 class=\"elementor-heading-title elementor-size-default\">Auditoria energ\u00e8tica: el primer pas cap a l&#039;efici\u00e8ncia\n<\/h2>\t\t\t\t<\/div>\n\t\t\t\t<\/div>\n\t\t\t\t<div class=\"elementor-element elementor-element-0896e29 elementor-widget elementor-widget-text-editor\" data-id=\"0896e29\" data-element_type=\"widget\" data-widget_type=\"text-editor.default\">\n\t\t\t\t<div class=\"elementor-widget-container\">\n\t\t\t\t\t\t\t\t\t<p data-start=\"966\" data-end=\"1083\">Realitzar una auditoria energ\u00e8tica a comunitats de ve\u00efns \u00e9s una de les estrat\u00e8gies m\u00e9s recomanades per detectar punts de millora en l&#039;efici\u00e8ncia energ\u00e8tica. Un assessor especialitzat pot analitzar-ne el consum, avaluar la viabilitat de millores i proposar solucions adaptades a cada edifici.<\/p>\t\t\t\t\t\t\t\t<\/div>\n\t\t\t\t<\/div>\n\t\t\t\t<\/div>\n\t\t\t\t\t<\/div>\n\t\t\t\t<\/div>\n\t\t<div class=\"elementor-element elementor-element-864f35c e-flex e-con-boxed e-con e-parent\" data-id=\"864f35c\" data-element_type=\"container\" data-settings=\"{&quot;background_background&quot;:&quot;classic&quot;}\">\n\t\t\t\t\t<div class=\"e-con-inner\">\n\t\t<div class=\"elementor-element elementor-element-699bc21 e-con-full e-flex e-con e-child\" data-id=\"699bc21\" data-element_type=\"container\">\n\t\t\t\t<div class=\"elementor-element elementor-element-cadff64 elementor-widget elementor-widget-heading\" data-id=\"cadff64\" data-element_type=\"widget\" data-widget_type=\"heading.default\">\n\t\t\t\t<div class=\"elementor-widget-container\">\n\t\t\t\t\t<h2 class=\"elementor-heading-title elementor-size-default\">Com gestionar lestalvi energ\u00e8tic en una comunitat\n<\/h2>\t\t\t\t<\/div>\n\t\t\t\t<\/div>\n\t\t\t\t<div class=\"elementor-element elementor-element-c9b49ed elementor-widget-divider--view-line elementor-widget elementor-widget-divider\" data-id=\"c9b49ed\" data-element_type=\"widget\" data-widget_type=\"divider.default\">\n\t\t\t\t<div class=\"elementor-widget-container\">\n\t\t\t\t\t\t\t<div class=\"elementor-divider\">\n\t\t\t<span class=\"elementor-divider-separator\">\n\t\t\t\t\t\t<\/span>\n\t\t<\/div>\n\t\t\t\t\t\t<\/div>\n\t\t\t\t<\/div>\n\t\t\t\t<\/div>\n\t\t<div class=\"elementor-element elementor-element-dcbdb1b e-con-full e-flex e-con e-child\" data-id=\"dcbdb1b\" data-element_type=\"container\">\n\t\t\t\t<div class=\"elementor-element elementor-element-05685f6 elementor-widget elementor-widget-heading\" data-id=\"05685f6\" data-element_type=\"widget\" data-widget_type=\"heading.default\">\n\t\t\t\t<div class=\"elementor-widget-container\">\n\t\t\t\t\t<h3 class=\"elementor-heading-title elementor-size-default\">El paper de lassessor energ\u00e8tic en comunitats<\/h3>\t\t\t\t<\/div>\n\t\t\t\t<\/div>\n\t\t\t\t<div class=\"elementor-element elementor-element-23bf827 elementor-widget elementor-widget-text-editor\" data-id=\"23bf827\" data-element_type=\"widget\" data-widget_type=\"text-editor.default\">\n\t\t\t\t<div class=\"elementor-widget-container\">\n\t\t\t\t\t\t\t\t\t<p>Un <strong data-start=\"2126\" data-end=\"2147\">assessor energ\u00e8tic<\/strong> \u00e9s clau per optimitzar l&#039;efici\u00e8ncia energ\u00e8tica a les comunitats. La seva tasca consisteix a analitzar les instal\u00b7lacions, avaluar oportunitats de millora i recomanar solucions que permetin reduir la despesa el\u00e8ctrica sense afectar el confort dels ve\u00efns.<\/p>\t\t\t\t\t\t\t\t<\/div>\n\t\t\t\t<\/div>\n\t\t\t\t<div class=\"elementor-element elementor-element-adfea6f elementor-widget elementor-widget-heading\" data-id=\"adfea6f\" data-element_type=\"widget\" data-widget_type=\"heading.default\">\n\t\t\t\t<div class=\"elementor-widget-container\">\n\t\t\t\t\t<h3 class=\"elementor-heading-title elementor-size-default\">Subvencions i ajuts per a l&#039;efici\u00e8ncia energ\u00e8tica<\/h3>\t\t\t\t<\/div>\n\t\t\t\t<\/div>\n\t\t\t\t<div class=\"elementor-element elementor-element-51fc432 elementor-widget elementor-widget-text-editor\" data-id=\"51fc432\" data-element_type=\"widget\" data-widget_type=\"text-editor.default\">\n\t\t\t\t<div class=\"elementor-widget-container\">\n\t\t\t\t\t\t\t\t\t<p>Actualment, existeixen m\u00faltiples <strong data-start=\"2494\" data-end=\"2519\">subvencions i ajudes<\/strong> destinades a millorar l&#039;efici\u00e8ncia energ\u00e8tica a edificis. Aquestes poden cobrir part dels costos de rehabilitaci\u00f3 energ\u00e8tica, instal\u00b7laci\u00f3 de fonts renovables o millores a l&#039;a\u00efllament.<\/p>\t\t\t\t\t\t\t\t<\/div>\n\t\t\t\t<\/div>\n\t\t\t\t<\/div>\n\t\t\t\t\t<\/div>\n\t\t\t\t<\/div>\n\t\t<div class=\"elementor-element elementor-element-443611e e-flex e-con-boxed e-con e-parent\" data-id=\"443611e\" data-element_type=\"container\">\n\t\t\t\t\t<div class=\"e-con-inner\">\n\t\t\t\t<div class=\"elementor-element elementor-element-47a41a5 elementor-widget elementor-widget-heading\" data-id=\"47a41a5\" data-element_type=\"widget\" data-widget_type=\"heading.default\">\n\t\t\t\t<div class=\"elementor-widget-container\">\n\t\t\t\t\t<h2 class=\"elementor-heading-title elementor-size-default\">Fes que la teva comunitat estalvi\u00ef energia des d&#039;avui\n<\/h2>\t\t\t\t<\/div>\n\t\t\t\t<\/div>\n\t\t\t\t<div class=\"elementor-element elementor-element-ae12a2e elementor-widget elementor-widget-text-editor\" data-id=\"ae12a2e\" data-element_type=\"widget\" data-widget_type=\"text-editor.default\">\n\t\t\t\t<div class=\"elementor-widget-container\">\n\t\t\t\t\t\t\t\t\t<p data-start=\"56\" data-end=\"323\">A <strong data-start=\"59\" data-end=\"81\">Efici\u00e8ncia Energia<\/strong>, t&#039;ajudem a implementar solucions de <strong data-start=\"123\" data-end=\"172\">estalvi energ\u00e8tic per a comunitats de ve\u00efns<\/strong> de manera eficient i rendible. El nostre equip d&#039;experts us assessora en cada pas, des de l&#039;auditoria energ\u00e8tica fins a l&#039;optimitzaci\u00f3 del consum.<\/p><p data-start=\"325\" data-end=\"485\" data-is-last-node=\"\" data-is-only-node=\"\"><strong data-start=\"325\" data-end=\"397\">Llestos per reduir costos i millorar l&#039;efici\u00e8ncia a la teva comunitat?<\/strong> Contacta&#039;ns avui mateix i descobreix com et podem ajudar a estalviar energia i diners. \ud83d\udca1\ud83c\udfe1<\/p>\t\t\t\t\t\t\t\t<\/div>\n\t\t\t\t<\/div>\n\t\t\t\t<div class=\"elementor-element elementor-element-8a5a092 elementor-align-center elementor-widget elementor-widget-button\" data-id=\"8a5a092\" data-element_type=\"widget\" data-widget_type=\"button.default\">\n\t\t\t\t<div class=\"elementor-widget-container\">\n\t\t\t\t\t\t\t\t\t<div class=\"elementor-button-wrapper\">\n\t\t\t\t\t<a class=\"elementor-button elementor-button-link elementor-size-sm\" href=\"https:\/\/eficienciaenergia.com\/ca\/contacto\/\">\n\t\t\t\t\t\t<span class=\"elementor-button-content-wrapper\">\n\t\t\t\t\t\t\t\t\t<span class=\"elementor-button-text\">vull saber m\u00e9s<\/span>\n\t\t\t\t\t<\/span>\n\t\t\t\t\t<\/a>\n\t\t\t\t<\/div>\n\t\t\t\t\t\t\t\t<\/div>\n\t\t\t\t<\/div>\n\t\t\t\t\t<\/div>\n\t\t\t\t<\/div>\n\t\t\t\t<\/div>","protected":false},"excerpt":{"rendered":"<p>Ahorro energ\u00e9tico para comunidades de vecinos Beneficios del ahorro energ\u00e9tico en comunidades Implementar medidas de ahorro energ\u00e9tico para comunidades de vecinos es clave para reducir costes y mejorar la eficiencia. El consumo de luz y electricidad en edificios residenciales puede suponer un gasto elevado para los propietarios. Optimizar el uso de la energ\u00eda el\u00e9ctrica permite [&hellip;]<\/p>","protected":false},"author":1,"featured_media":0,"parent":0,"menu_order":0,"comment_status":"closed","ping_status":"closed","template":"","meta":{"site-sidebar-layout":"no-sidebar","site-content-layout":"page-builder","ast-site-content-layout":"full-width-container","site-content-style":"unboxed","site-sidebar-style":"unboxed","ast-global-header-display":"","ast-banner-title-visibility":"","ast-main-header-display":"","ast-hfb-above-header-display":"","ast-hfb-below-header-display":"","ast-hfb-mobile-header-display":"","site-post-title":"disabled","ast-breadcrumbs-content":"","ast-featured-img":"disabled","footer-sml-layout":"","ast-disable-related-posts":"","theme-transparent-header-meta":"enabled","adv-header-id-meta":"","stick-header-meta":"","header-above-stick-meta":"","header-main-stick-meta":"","header-below-stick-meta":"","astra-migrate-meta-layouts":"set","ast-page-background-enabled":"default","ast-page-background-meta":{"desktop":{"background-color":"","background-image":"","background-repeat":"repeat","background-position":"center center","background-size":"auto","background-attachment":"scroll","background-type":"","background-media":"","overlay-type":"","overlay-color":"","overlay-opacity":"","overlay-gradient":""},"tablet":{"background-color":"","background-image":"","background-repeat":"repeat","background-position":"center center","background-size":"auto","background-attachment":"scroll","background-type":"","background-media":"","overlay-type":"","overlay-color":"","overlay-opacity":"","overlay-gradient":""},"mobile":{"background-color":"","background-image":"","background-repeat":"repeat","background-position":"center center","background-size":"auto","background-attachment":"scroll","background-type":"","background-media":"","overlay-type":"","overlay-color":"","overlay-opacity":"","overlay-gradient":""}},"ast-content-background-meta":{"desktop":{"background-color":"var(--ast-global-color-5)","background-image":"","background-repeat":"repeat","background-position":"center center","background-size":"auto","background-attachment":"scroll","background-type":"","background-media":"","overlay-type":"","overlay-color":"","overlay-opacity":"","overlay-gradient":""},"tablet":{"background-color":"var(--ast-global-color-5)","background-image":"","background-repeat":"repeat","background-position":"center center","background-size":"auto","background-attachment":"scroll","background-type":"","background-media":"","overlay-type":"","overlay-color":"","overlay-opacity":"","overlay-gradient":""},"mobile":{"background-color":"var(--ast-global-color-5)","background-image":"","background-repeat":"repeat","background-position":"center center","background-size":"auto","background-attachment":"scroll","background-type":"","background-media":"","overlay-type":"","overlay-color":"","overlay-opacity":"","overlay-gradient":""}},"footnotes":""},"class_list":["post-2567","page","type-page","status-publish","hentry"],"_links":{"self":[{"href":"https:\/\/eficienciaenergia.com\/ca\/wp-json\/wp\/v2\/pages\/2567","targetHints":{"allow":["GET"]}}],"collection":[{"href":"https:\/\/eficienciaenergia.com\/ca\/wp-json\/wp\/v2\/pages"}],"about":[{"href":"https:\/\/eficienciaenergia.com\/ca\/wp-json\/wp\/v2\/types\/page"}],"author":[{"embeddable":true,"href":"https:\/\/eficienciaenergia.com\/ca\/wp-json\/wp\/v2\/users\/1"}],"replies":[{"embeddable":true,"href":"https:\/\/eficienciaenergia.com\/ca\/wp-json\/wp\/v2\/comments?post=2567"}],"version-history":[{"count":20,"href":"https:\/\/eficienciaenergia.com\/ca\/wp-json\/wp\/v2\/pages\/2567\/revisions"}],"predecessor-version":[{"id":2650,"href":"https:\/\/eficienciaenergia.com\/ca\/wp-json\/wp\/v2\/pages\/2567\/revisions\/2650"}],"wp:attachment":[{"href":"https:\/\/eficienciaenergia.com\/ca\/wp-json\/wp\/v2\/media?parent=2567"}],"curies":[{"name":"wp","href":"https:\/\/api.w.org\/{rel}","templated":true}]}}